{"id":9834,"date":"2023-10-17T15:26:48","date_gmt":"2023-10-17T13:26:48","guid":{"rendered":"https:\/\/chateauxexperiences.com\/our-castles\/"},"modified":"2024-02-13T14:24:04","modified_gmt":"2024-02-13T13:24:04","slug":"our-castles","status":"publish","type":"page","link":"https:\/\/chateauxexperiences.com\/en\/our-castles\/","title":{"rendered":"Our castles"},"content":{"rendered":"","protected":false},"excerpt":{"rendered":"","protected":false},"author":1,"featured_media":0,"parent":0,"menu_order":0,"comment_status":"closed","ping_status":"closed","template":"templates\/page-search-chateaux.php","meta":{"_acf_changed":false,"footnotes":""},"class_list":["post-9834","page","type-page","status-publish","hentry"],"acf":[],"yoast_head":"<!-- This site is optimized with the Yoast SEO plugin v26.9 - https:\/\/yoast.com\/product\/yoast-seo-wordpress\/ -->\n<title>Ch\u00e2teaux Exp\u00e9riences - Castles in our catalog<\/title>\n<meta name=\"description\" content=\"The castles offered by Ch\u00e2teaux Exp\u00e9riences are unique places where you can enjoy an exceptional and unforgettable experience!\" \/>\n<meta name=\"robots\" content=\"index, follow, max-snippet:-1, max-image-preview:large, max-video-preview:-1\" \/>\n<link rel=\"canonical\" href=\"https:\/\/chateauxexperiences.com\/nos-chateaux\/\" \/>\n<meta property=\"og:locale\" content=\"en_US\" \/>\n<meta property=\"og:type\" content=\"article\" \/>\n<meta property=\"og:title\" content=\"Ch\u00e2teaux Exp\u00e9riences - Castles in our catalog\" \/>\n<meta property=\"og:description\" content=\"The castles offered by Ch\u00e2teaux Exp\u00e9riences are unique places where you can enjoy an exceptional and unforgettable experience!\" \/>\n<meta property=\"og:url\" content=\"https:\/\/chateauxexperiences.com\/nos-chateaux\/\" \/>\n<meta property=\"og:site_name\" content=\"Ch\u00e2teaux Exp\u00e9riences\" \/>\n<meta property=\"article:publisher\" content=\"https:\/\/www.facebook.com\/ChateauxExperiences\" \/>\n<meta property=\"article:modified_time\" content=\"2024-02-13T13:24:04+00:00\" \/>\n<meta name=\"twitter:card\" content=\"summary_large_image\" \/>\n<script type=\"application\/ld+json\" class=\"yoast-schema-graph\">{\"@context\":\"https:\/\/schema.org\",\"@graph\":[{\"@type\":\"WebPage\",\"@id\":\"https:\/\/chateauxexperiences.com\/nos-chateaux\/\",\"url\":\"https:\/\/chateauxexperiences.com\/nos-chateaux\/\",\"name\":\"Ch\u00e2teaux Exp\u00e9riences - Castles in our catalog\",\"isPartOf\":{\"@id\":\"https:\/\/chateauxexperiences.com\/#website\"},\"datePublished\":\"2023-10-17T13:26:48+00:00\",\"dateModified\":\"2024-02-13T13:24:04+00:00\",\"description\":\"The castles offered by Ch\u00e2teaux Exp\u00e9riences are unique places where you can enjoy an exceptional and unforgettable experience!\",\"inLanguage\":\"en-US\",\"potentialAction\":[{\"@type\":\"ReadAction\",\"target\":[\"https:\/\/chateauxexperiences.com\/nos-chateaux\/\"]}]},{\"@type\":\"WebSite\",\"@id\":\"https:\/\/chateauxexperiences.com\/#website\",\"url\":\"https:\/\/chateauxexperiences.com\/\",\"name\":\"Ch\u00e2teaux Exp\u00e9riences\",\"description\":\"Votre plus belle exp\u00e9rience dans un ch\u00e2teau\",\"publisher\":{\"@id\":\"https:\/\/chateauxexperiences.com\/#organization\"},\"potentialAction\":[{\"@type\":\"SearchAction\",\"target\":{\"@type\":\"EntryPoint\",\"urlTemplate\":\"https:\/\/chateauxexperiences.com\/?s={search_term_string}\"},\"query-input\":{\"@type\":\"PropertyValueSpecification\",\"valueRequired\":true,\"valueName\":\"search_term_string\"}}],\"inLanguage\":\"en-US\"},{\"@type\":\"Organization\",\"@id\":\"https:\/\/chateauxexperiences.com\/#organization\",\"name\":\"Ch\u00e2teaux Exp\u00e9riences\",\"url\":\"https:\/\/chateauxexperiences.com\/\",\"logo\":{\"@type\":\"ImageObject\",\"inLanguage\":\"en-US\",\"@id\":\"https:\/\/chateauxexperiences.com\/#\/schema\/logo\/image\/\",\"url\":\"https:\/\/chateauxexperiences.com\/wp-content\/uploads\/2022\/08\/Logo_Chateauxexp.png\",\"contentUrl\":\"https:\/\/chateauxexperiences.com\/wp-content\/uploads\/2022\/08\/Logo_Chateauxexp.png\",\"width\":747,\"height\":158,\"caption\":\"Ch\u00e2teaux Exp\u00e9riences\"},\"image\":{\"@id\":\"https:\/\/chateauxexperiences.com\/#\/schema\/logo\/image\/\"},\"sameAs\":[\"https:\/\/www.facebook.com\/ChateauxExperiences\",\"https:\/\/www.linkedin.com\/company\/chateaux-experiences\/\",\"https:\/\/www.instagram.com\/chateaux_experiences\/\"]}]}<\/script>\n<!-- \/ Yoast SEO plugin. -->","yoast_head_json":{"title":"Ch\u00e2teaux Exp\u00e9riences - Castles in our catalog","description":"The castles offered by Ch\u00e2teaux Exp\u00e9riences are unique places where you can enjoy an exceptional and unforgettable experience!","robots":{"index":"index","follow":"follow","max-snippet":"max-snippet:-1","max-image-preview":"max-image-preview:large","max-video-preview":"max-video-preview:-1"},"canonical":"https:\/\/chateauxexperiences.com\/nos-chateaux\/","og_locale":"en_US","og_type":"article","og_title":"Ch\u00e2teaux Exp\u00e9riences - Castles in our catalog","og_description":"The castles offered by Ch\u00e2teaux Exp\u00e9riences are unique places where you can enjoy an exceptional and unforgettable experience!","og_url":"https:\/\/chateauxexperiences.com\/nos-chateaux\/","og_site_name":"Ch\u00e2teaux Exp\u00e9riences","article_publisher":"https:\/\/www.facebook.com\/ChateauxExperiences","article_modified_time":"2024-02-13T13:24:04+00:00","twitter_card":"summary_large_image","schema":{"@context":"https:\/\/schema.org","@graph":[{"@type":"WebPage","@id":"https:\/\/chateauxexperiences.com\/nos-chateaux\/","url":"https:\/\/chateauxexperiences.com\/nos-chateaux\/","name":"Ch\u00e2teaux Exp\u00e9riences - Castles in our catalog","isPartOf":{"@id":"https:\/\/chateauxexperiences.com\/#website"},"datePublished":"2023-10-17T13:26:48+00:00","dateModified":"2024-02-13T13:24:04+00:00","description":"The castles offered by Ch\u00e2teaux Exp\u00e9riences are unique places where you can enjoy an exceptional and unforgettable experience!","inLanguage":"en-US","potentialAction":[{"@type":"ReadAction","target":["https:\/\/chateauxexperiences.com\/nos-chateaux\/"]}]},{"@type":"WebSite","@id":"https:\/\/chateauxexperiences.com\/#website","url":"https:\/\/chateauxexperiences.com\/","name":"Ch\u00e2teaux Exp\u00e9riences","description":"Votre plus belle exp\u00e9rience dans un ch\u00e2teau","publisher":{"@id":"https:\/\/chateauxexperiences.com\/#organization"},"potentialAction":[{"@type":"SearchAction","target":{"@type":"EntryPoint","urlTemplate":"https:\/\/chateauxexperiences.com\/?s={search_term_string}"},"query-input":{"@type":"PropertyValueSpecification","valueRequired":true,"valueName":"search_term_string"}}],"inLanguage":"en-US"},{"@type":"Organization","@id":"https:\/\/chateauxexperiences.com\/#organization","name":"Ch\u00e2teaux Exp\u00e9riences","url":"https:\/\/chateauxexperiences.com\/","logo":{"@type":"ImageObject","inLanguage":"en-US","@id":"https:\/\/chateauxexperiences.com\/#\/schema\/logo\/image\/","url":"https:\/\/chateauxexperiences.com\/wp-content\/uploads\/2022\/08\/Logo_Chateauxexp.png","contentUrl":"https:\/\/chateauxexperiences.com\/wp-content\/uploads\/2022\/08\/Logo_Chateauxexp.png","width":747,"height":158,"caption":"Ch\u00e2teaux Exp\u00e9riences"},"image":{"@id":"https:\/\/chateauxexperiences.com\/#\/schema\/logo\/image\/"},"sameAs":["https:\/\/www.facebook.com\/ChateauxExperiences","https:\/\/www.linkedin.com\/company\/chateaux-experiences\/","https:\/\/www.instagram.com\/chateaux_experiences\/"]}]}},"_links":{"self":[{"href":"https:\/\/chateauxexperiences.com\/en\/wp-json\/wp\/v2\/pages\/9834","targetHints":{"allow":["GET"]}}],"collection":[{"href":"https:\/\/chateauxexperiences.com\/en\/wp-json\/wp\/v2\/pages"}],"about":[{"href":"https:\/\/chateauxexperiences.com\/en\/wp-json\/wp\/v2\/types\/page"}],"author":[{"embeddable":true,"href":"https:\/\/chateauxexperiences.com\/en\/wp-json\/wp\/v2\/users\/1"}],"replies":[{"embeddable":true,"href":"https:\/\/chateauxexperiences.com\/en\/wp-json\/wp\/v2\/comments?post=9834"}],"version-history":[{"count":1,"href":"https:\/\/chateauxexperiences.com\/en\/wp-json\/wp\/v2\/pages\/9834\/revisions"}],"predecessor-version":[{"id":11405,"href":"https:\/\/chateauxexperiences.com\/en\/wp-json\/wp\/v2\/pages\/9834\/revisions\/11405"}],"wp:attachment":[{"href":"https:\/\/chateauxexperiences.com\/en\/wp-json\/wp\/v2\/media?parent=9834"}],"curies":[{"name":"wp","href":"https:\/\/api.w.org\/{rel}","templated":true}]}}