{"id":9831,"date":"2023-10-17T15:25:21","date_gmt":"2023-10-17T13:25:21","guid":{"rendered":"https:\/\/chateauxexperiences.com\/legal-notices\/"},"modified":"2026-03-02T11:15:23","modified_gmt":"2026-03-02T10:15:23","slug":"legal-notices","status":"publish","type":"page","link":"https:\/\/chateauxexperiences.com\/en\/legal-notices\/","title":{"rendered":"Legal Notices"},"content":{"rendered":"<div class=\"fusion-fullwidth fullwidth-box fusion-builder-row-1 fusion-flex-container nonhundred-percent-fullwidth non-hundred-percent-height-scrolling\" style=\"--awb-border-radius-top-left:0px;--awb-border-radius-top-right:0px;--awb-border-radius-bottom-right:0px;--awb-border-radius-bottom-left:0px;--awb-flex-wrap:wrap;\" ><div class=\"fusion-builder-row fusion-row fusion-flex-align-items-flex-start fusion-flex-content-wrap\" style=\"max-width:1248px;margin-left: calc(-4% \/ 2 );margin-right: calc(-4% \/ 2 );\"><div class=\"fusion-layout-column fusion_builder_column fusion-builder-column-0 fusion_builder_column_1_1 1_1 fusion-flex-column\" style=\"--awb-bg-size:cover;--awb-width-large:100%;--awb-margin-top-large:0px;--awb-spacing-right-large:1.92%;--awb-margin-bottom-large:20px;--awb-spacing-left-large:1.92%;--awb-width-medium:100%;--awb-order-medium:0;--awb-spacing-right-medium:1.92%;--awb-spacing-left-medium:1.92%;--awb-width-small:100%;--awb-order-small:0;--awb-spacing-right-small:1.92%;--awb-spacing-left-small:1.92%;\"><div class=\"fusion-column-wrapper fusion-column-has-shadow fusion-flex-justify-content-flex-start fusion-content-layout-column\"><div class=\"fusion-title title fusion-title-1 fusion-title-center fusion-title-text fusion-title-size-one\"><div class=\"title-sep-container title-sep-container-left\"><div class=\"title-sep sep- sep-solid\" style=\"border-color:#e0dede;\"><\/div><\/div><span class=\"awb-title-spacer\"><\/span><h1 class=\"fusion-title-heading title-heading-center\" style=\"margin:0;\">Mentions l\u00e9gales<\/h1><span class=\"awb-title-spacer\"><\/span><div class=\"title-sep-container title-sep-container-right\"><div class=\"title-sep sep- sep-solid\" style=\"border-color:#e0dede;\"><\/div><\/div><\/div><div class=\"fusion-text fusion-text-1\"><p>Ch\u00e2teaux Exp\u00e9riences est un site \u00e9dit\u00e9 par la SARL Kaizen Agency, au capital de 160 000 \u20ac, immatricul\u00e9e au Registre du Commerce et des Soci\u00e9t\u00e9s de Bordeaux sous le num\u00e9ro B 480 285 642 et ayant son si\u00e8ge social situ\u00e9 9 rue Andr\u00e9 Darbon, 33300 Bordeaux.<\/p>\n<p>Num\u00e9ro de TVA : FR13 884 702 242<\/p>\n<p><b><u> Propri\u00e9taire du site internet <\/u><\/b><\/p>\n<p>SAS Ch\u00e2teaux Exp\u00e9riences<br \/>\nMonsieur Colas GUYONNAUD<br \/>\n42 Rue de Maubeuge \u2013 75009 Paris<br \/>\nSiret : 812 619 252 00016 au RCS de Paris<\/p>\n<p><b><u> H\u00e9bergement du site internet <\/u><\/b><\/p>\n<p>O2 Switch<br \/>\n224 Bd. Gustave Flaubert \u2013 63000 Clermont-Ferrand<br \/>\nCapital : 100 000 \u20ac<br \/>\nSiret : 510 909 807 00024 au RCS de Clermont-Ferrand<\/p>\n<p>Politique RGPD d\u2019O2 Switch : <a href=\"https:\/\/www.o2switch.fr\/du-rgpd.pdf\" target=\"_blank\" rel=\"noopener\">https:\/\/www.o2switch.fr\/du-rgpd.pdf<\/a><\/p>\n<p><b><u>Conditions d\u2019utilisation du site internet <a href=\"https:\/\/chateauxexperiences.com\/en\/\" target=\"_blank\" rel=\"noopener\">https:\/\/chateauxexperiences.com<\/a><\/u><\/b><\/p>\n<p>Le site internet <a href=\"https:\/\/chateauxexperiences.com\/en\/\" target=\"_blank\" rel=\"noopener\">https:\/\/chateauxexperiences.com<\/a> est la propri\u00e9t\u00e9 exclusive de la SAS Ch\u00e2teaux Exp\u00e9riences.<br \/>\nLe site et chacun des \u00e9l\u00e9ments, y compris mais sans limitation les marques, les logos, ic\u00f4nes, infographies, photographies, qui le composent sont prot\u00e9g\u00e9s au titre de la l\u00e9gislation internationale de la propri\u00e9t\u00e9 intellectuelle. Les contenus figurant sur le site sont la propri\u00e9t\u00e9 de la SAS Ch\u00e2teaux Exp\u00e9riences ou d\u2019autres entreprises. Toute utilisation, reproduction ou repr\u00e9sentation, par quelque proc\u00e9d\u00e9 que ce soit, et sur quelque support que ce soit, de tout ou partie du site et\/ou des \u00e9l\u00e9ments qui le composent n&#8217;est pas autoris\u00e9e sans le consentement expresse de la SAS Ch\u00e2teaux Exp\u00e9riences.<br \/>\nLa consultation du site est \u00e9galement subordonn\u00e9e \u00e0 l\u2019acceptation int\u00e9grale et au respect par les internautes, de la <a href=\"https:\/\/chateauxexperiences.com\/en\/privacy-policy\/\" target=\"_blank\" rel=\"noopener\"> politique de confidentialit\u00e9<\/a> et des pr\u00e9sentes conditions d\u2019utilisation du site internet.<br \/>\nD\u2019une fa\u00e7on g\u00e9n\u00e9rale, vous pouvez visiter notre site sur Internet sans avoir \u00e0 d\u00e9cliner votre identit\u00e9 et \u00e0 fournir des informations personnelles vous concernant. Cependant, nous pouvons parfois vous demander des informations. Par exemple, pour r\u00e9aliser un devis, vous permettre de nous contacter\u2026<br \/>\nL\u2019internaute s\u2019engage \u00e0 faire un usage personnel et non commercial des informations contenues sur le site.<br \/>\nEn cas de non-respect des dispositions des pr\u00e9sentes mentions l\u00e9gales, par l\u2019internaute, sa responsabilit\u00e9 civile et\/ou p\u00e9nale pourrai(en)t se voir engag\u00e9e(s).<\/p>\n<\/div><\/div><\/div><\/div><\/div>\n","protected":false},"excerpt":{"rendered":"","protected":false},"author":9,"featured_media":0,"parent":0,"menu_order":0,"comment_status":"closed","ping_status":"closed","template":"","meta":{"_acf_changed":false,"footnotes":""},"class_list":["post-9831","page","type-page","status-publish","hentry"],"acf":[],"yoast_head":"<!-- This site is optimized with the Yoast SEO plugin v26.9 - https:\/\/yoast.com\/product\/yoast-seo-wordpress\/ -->\n<title>Ch\u00e2teaux Exp\u00e9riences - Compliance with legal notices<\/title>\n<meta name=\"description\" content=\"Here are the legal notices for the Ch\u00e2teaux Exp\u00e9riences website. Compliance with the conditions of use is presented on this page.\" \/>\n<meta name=\"robots\" content=\"index, follow, max-snippet:-1, max-image-preview:large, max-video-preview:-1\" \/>\n<link rel=\"canonical\" href=\"https:\/\/chateauxexperiences.com\/en\/legal-notices\/\" \/>\n<meta property=\"og:locale\" content=\"en_US\" \/>\n<meta property=\"og:type\" content=\"article\" \/>\n<meta property=\"og:title\" content=\"Ch\u00e2teaux Exp\u00e9riences - Compliance with legal notices\" \/>\n<meta property=\"og:description\" content=\"Here are the legal notices for the Ch\u00e2teaux Exp\u00e9riences website. Compliance with the conditions of use is presented on this page.\" \/>\n<meta property=\"og:url\" content=\"https:\/\/chateauxexperiences.com\/en\/legal-notices\/\" \/>\n<meta property=\"og:site_name\" content=\"Ch\u00e2teaux Exp\u00e9riences\" \/>\n<meta property=\"article:publisher\" content=\"https:\/\/www.facebook.com\/ChateauxExperiences\" \/>\n<meta property=\"article:modified_time\" content=\"2026-03-02T10:15:23+00:00\" \/>\n<meta name=\"twitter:card\" content=\"summary_large_image\" \/>\n<meta name=\"twitter:label1\" content=\"Est. reading time\" \/>\n\t<meta name=\"twitter:data1\" content=\"4 minutes\" \/>\n<script type=\"application\/ld+json\" class=\"yoast-schema-graph\">{\"@context\":\"https:\/\/schema.org\",\"@graph\":[{\"@type\":\"WebPage\",\"@id\":\"https:\/\/chateauxexperiences.com\/en\/legal-notices\/\",\"url\":\"https:\/\/chateauxexperiences.com\/en\/legal-notices\/\",\"name\":\"Ch\u00e2teaux Exp\u00e9riences - Compliance with legal notices\",\"isPartOf\":{\"@id\":\"https:\/\/chateauxexperiences.com\/#website\"},\"datePublished\":\"2023-10-17T13:25:21+00:00\",\"dateModified\":\"2026-03-02T10:15:23+00:00\",\"description\":\"Here are the legal notices for the Ch\u00e2teaux Exp\u00e9riences website. Compliance with the conditions of use is presented on this page.\",\"inLanguage\":\"en-US\",\"potentialAction\":[{\"@type\":\"ReadAction\",\"target\":[\"https:\/\/chateauxexperiences.com\/en\/legal-notices\/\"]}]},{\"@type\":\"WebSite\",\"@id\":\"https:\/\/chateauxexperiences.com\/#website\",\"url\":\"https:\/\/chateauxexperiences.com\/\",\"name\":\"Ch\u00e2teaux Exp\u00e9riences\",\"description\":\"Votre plus belle exp\u00e9rience dans un ch\u00e2teau\",\"publisher\":{\"@id\":\"https:\/\/chateauxexperiences.com\/#organization\"},\"potentialAction\":[{\"@type\":\"SearchAction\",\"target\":{\"@type\":\"EntryPoint\",\"urlTemplate\":\"https:\/\/chateauxexperiences.com\/?s={search_term_string}\"},\"query-input\":{\"@type\":\"PropertyValueSpecification\",\"valueRequired\":true,\"valueName\":\"search_term_string\"}}],\"inLanguage\":\"en-US\"},{\"@type\":\"Organization\",\"@id\":\"https:\/\/chateauxexperiences.com\/#organization\",\"name\":\"Ch\u00e2teaux Exp\u00e9riences\",\"url\":\"https:\/\/chateauxexperiences.com\/\",\"logo\":{\"@type\":\"ImageObject\",\"inLanguage\":\"en-US\",\"@id\":\"https:\/\/chateauxexperiences.com\/#\/schema\/logo\/image\/\",\"url\":\"https:\/\/chateauxexperiences.com\/wp-content\/uploads\/2022\/08\/Logo_Chateauxexp.png\",\"contentUrl\":\"https:\/\/chateauxexperiences.com\/wp-content\/uploads\/2022\/08\/Logo_Chateauxexp.png\",\"width\":747,\"height\":158,\"caption\":\"Ch\u00e2teaux Exp\u00e9riences\"},\"image\":{\"@id\":\"https:\/\/chateauxexperiences.com\/#\/schema\/logo\/image\/\"},\"sameAs\":[\"https:\/\/www.facebook.com\/ChateauxExperiences\",\"https:\/\/www.linkedin.com\/company\/chateaux-experiences\/\",\"https:\/\/www.instagram.com\/chateaux_experiences\/\"]}]}<\/script>\n<!-- \/ Yoast SEO plugin. -->","yoast_head_json":{"title":"Ch\u00e2teaux Exp\u00e9riences - Compliance with legal notices","description":"Here are the legal notices for the Ch\u00e2teaux Exp\u00e9riences website. Compliance with the conditions of use is presented on this page.","robots":{"index":"index","follow":"follow","max-snippet":"max-snippet:-1","max-image-preview":"max-image-preview:large","max-video-preview":"max-video-preview:-1"},"canonical":"https:\/\/chateauxexperiences.com\/en\/legal-notices\/","og_locale":"en_US","og_type":"article","og_title":"Ch\u00e2teaux Exp\u00e9riences - Compliance with legal notices","og_description":"Here are the legal notices for the Ch\u00e2teaux Exp\u00e9riences website. Compliance with the conditions of use is presented on this page.","og_url":"https:\/\/chateauxexperiences.com\/en\/legal-notices\/","og_site_name":"Ch\u00e2teaux Exp\u00e9riences","article_publisher":"https:\/\/www.facebook.com\/ChateauxExperiences","article_modified_time":"2026-03-02T10:15:23+00:00","twitter_card":"summary_large_image","twitter_misc":{"Est. reading time":"4 minutes"},"schema":{"@context":"https:\/\/schema.org","@graph":[{"@type":"WebPage","@id":"https:\/\/chateauxexperiences.com\/en\/legal-notices\/","url":"https:\/\/chateauxexperiences.com\/en\/legal-notices\/","name":"Ch\u00e2teaux Exp\u00e9riences - Compliance with legal notices","isPartOf":{"@id":"https:\/\/chateauxexperiences.com\/#website"},"datePublished":"2023-10-17T13:25:21+00:00","dateModified":"2026-03-02T10:15:23+00:00","description":"Here are the legal notices for the Ch\u00e2teaux Exp\u00e9riences website. Compliance with the conditions of use is presented on this page.","inLanguage":"en-US","potentialAction":[{"@type":"ReadAction","target":["https:\/\/chateauxexperiences.com\/en\/legal-notices\/"]}]},{"@type":"WebSite","@id":"https:\/\/chateauxexperiences.com\/#website","url":"https:\/\/chateauxexperiences.com\/","name":"Ch\u00e2teaux Exp\u00e9riences","description":"Votre plus belle exp\u00e9rience dans un ch\u00e2teau","publisher":{"@id":"https:\/\/chateauxexperiences.com\/#organization"},"potentialAction":[{"@type":"SearchAction","target":{"@type":"EntryPoint","urlTemplate":"https:\/\/chateauxexperiences.com\/?s={search_term_string}"},"query-input":{"@type":"PropertyValueSpecification","valueRequired":true,"valueName":"search_term_string"}}],"inLanguage":"en-US"},{"@type":"Organization","@id":"https:\/\/chateauxexperiences.com\/#organization","name":"Ch\u00e2teaux Exp\u00e9riences","url":"https:\/\/chateauxexperiences.com\/","logo":{"@type":"ImageObject","inLanguage":"en-US","@id":"https:\/\/chateauxexperiences.com\/#\/schema\/logo\/image\/","url":"https:\/\/chateauxexperiences.com\/wp-content\/uploads\/2022\/08\/Logo_Chateauxexp.png","contentUrl":"https:\/\/chateauxexperiences.com\/wp-content\/uploads\/2022\/08\/Logo_Chateauxexp.png","width":747,"height":158,"caption":"Ch\u00e2teaux Exp\u00e9riences"},"image":{"@id":"https:\/\/chateauxexperiences.com\/#\/schema\/logo\/image\/"},"sameAs":["https:\/\/www.facebook.com\/ChateauxExperiences","https:\/\/www.linkedin.com\/company\/chateaux-experiences\/","https:\/\/www.instagram.com\/chateaux_experiences\/"]}]}},"_links":{"self":[{"href":"https:\/\/chateauxexperiences.com\/en\/wp-json\/wp\/v2\/pages\/9831","targetHints":{"allow":["GET"]}}],"collection":[{"href":"https:\/\/chateauxexperiences.com\/en\/wp-json\/wp\/v2\/pages"}],"about":[{"href":"https:\/\/chateauxexperiences.com\/en\/wp-json\/wp\/v2\/types\/page"}],"author":[{"embeddable":true,"href":"https:\/\/chateauxexperiences.com\/en\/wp-json\/wp\/v2\/users\/9"}],"replies":[{"embeddable":true,"href":"https:\/\/chateauxexperiences.com\/en\/wp-json\/wp\/v2\/comments?post=9831"}],"version-history":[{"count":2,"href":"https:\/\/chateauxexperiences.com\/en\/wp-json\/wp\/v2\/pages\/9831\/revisions"}],"predecessor-version":[{"id":12788,"href":"https:\/\/chateauxexperiences.com\/en\/wp-json\/wp\/v2\/pages\/9831\/revisions\/12788"}],"wp:attachment":[{"href":"https:\/\/chateauxexperiences.com\/en\/wp-json\/wp\/v2\/media?parent=9831"}],"curies":[{"name":"wp","href":"https:\/\/api.w.org\/{rel}","templated":true}]}}