{"id":10868,"date":"2023-11-21T17:34:02","date_gmt":"2023-11-21T16:34:02","guid":{"rendered":"https:\/\/chateauxexperiences.com\/legal-notices-2\/"},"modified":"2024-02-13T14:22:14","modified_gmt":"2024-02-13T13:22:14","slug":"legal-notices-2","status":"publish","type":"page","link":"https:\/\/chateauxexperiences.com\/en\/legal-notices-2\/","title":{"rendered":"Legal Notices"},"content":{"rendered":"<div class=\"fusion-fullwidth fullwidth-box fusion-builder-row-1 fusion-flex-container nonhundred-percent-fullwidth non-hundred-percent-height-scrolling\" style=\"--awb-border-radius-top-left:0px;--awb-border-radius-top-right:0px;--awb-border-radius-bottom-right:0px;--awb-border-radius-bottom-left:0px;--awb-flex-wrap:wrap;\" ><div class=\"fusion-builder-row fusion-row fusion-flex-align-items-flex-start fusion-flex-content-wrap\" style=\"max-width:1248px;margin-left: calc(-4% \/ 2 );margin-right: calc(-4% \/ 2 );\"><div class=\"fusion-layout-column fusion_builder_column fusion-builder-column-0 fusion_builder_column_1_1 1_1 fusion-flex-column\" style=\"--awb-bg-size:cover;--awb-width-large:100%;--awb-margin-top-large:0px;--awb-spacing-right-large:1.92%;--awb-margin-bottom-large:20px;--awb-spacing-left-large:1.92%;--awb-width-medium:100%;--awb-order-medium:0;--awb-spacing-right-medium:1.92%;--awb-spacing-left-medium:1.92%;--awb-width-small:100%;--awb-order-small:0;--awb-spacing-right-small:1.92%;--awb-spacing-left-small:1.92%;\"><div class=\"fusion-column-wrapper fusion-column-has-shadow fusion-flex-justify-content-flex-start fusion-content-layout-column\"><div class=\"fusion-title title fusion-title-1 fusion-title-center fusion-title-text fusion-title-size-one\"><div class=\"title-sep-container title-sep-container-left\"><div class=\"title-sep sep- sep-solid\" style=\"border-color:#e0dede;\"><\/div><\/div><span class=\"awb-title-spacer\"><\/span><h1 class=\"fusion-title-heading title-heading-center\" style=\"margin:0;\">Legal Notices<\/h1><span class=\"awb-title-spacer\"><\/span><div class=\"title-sep-container title-sep-container-right\"><div class=\"title-sep sep- sep-solid\" style=\"border-color:#e0dede;\"><\/div><\/div><\/div><div class=\"fusion-text fusion-text-1\"><p>Ch\u00e2teaux Exp\u00e9riences is a website published by SAS Agence ATOM, with capital of 10,000 euros, registered with the Bordeaux Trade and Companies Registry under number 884 702 242 00014 and headquartered at 14, rue du Palais Gallien &#8211; 33000 Bordeaux.<\/p>\n<p>TVA : FR13 884 702 242<\/p>\n<p><b><u> Website owner <\/b><\/u><\/p>\n<p>SAS Ch\u00e2teaux Exp\u00e9riences<br \/>\nColas GUYONNAUD<br \/>\n42 Rue de Maubeuge \u2013 75009 Paris<br \/>\nSiret : 812 619 252 00016<\/p>\n<p><b><u> Director <\/b><\/u><\/p>\n<p>Franck GIULIARDI<br \/>\n14, rue du Palais Gallien \u2013 33000 Bordeaux<br \/>\n<a href=\"tel:+33%20(0)%206%2073%2031%2054%2087\">+33 (0) 6 73 31 54 87<\/a><br \/>\n<a href=\"mailto:franck@agenceatom.fr\">franck@agenceatom.fr<\/a><\/p>\n<p><b><u> Website hosting <\/b><\/u><\/p>\n<p>O2 Switch<br \/>\n224 Bd. Gustave Flaubert \u2013 63000 Clermont-Ferrand<br \/>\nCapital : 100 000 \u20ac<br \/>\nSiret : 510 909 807 00024 au RCS de Clermont-Ferrand<\/p>\n<p>Politique RGPD d\u2019O2 Switch : <a href=\"https:\/\/www.o2switch.fr\/du-rgpd.pdf\" target=\"_blank\" rel=\"noopener\">https:\/\/www.o2switch.fr\/du-rgpd.pdf<\/a><\/p>\n<p><b><u><a href=\"https:\/\/chateauxexperiences.com\/en\/\" target=\"_blank\" rel=\"noopener\">https:\/\/chateauxexperiences.com<\/a><\/b><\/u><\/p>\n<p>The <a href=\"https:\/\/chateauxexperiences.com\/en\/\" target=\"_blank\" rel=\"noopener\">https:\/\/chateauxexperiences.com<\/a> website is the exclusive property of SAS Ch\u00e2teaux Exp\u00e9riences.<br \/>\nThe site and each of its components, including but not limited to trademarks, logos, icons, computer graphics and photographs, are protected under international intellectual property law. The contents of this site are the property of SAS Ch\u00e2teaux Exp\u00e9riences or other companies. Any use, reproduction or representation, by any process whatsoever, and on any medium whatsoever, of all or part of the site and\/or its component parts is not authorized without the express consent of SAS Ch\u00e2teaux Exp\u00e9riences.<br \/>\nConsultation of the site is also subject to full acceptance and compliance by Internet users with the <a href=\"https:\/\/chateauxexperiences.com\/en\/privacy-policy\/\" target=\"_blank\" rel=\"noopener\">privacy policy and the present terms of use<\/a> of the website.<br \/>\nIn general, you can visit our site on the Internet without having to identify yourself or provide any personal information about yourself. However, we may occasionally request information from you. For example, to produce a quote, to enable you to contact us&#8230;<br \/>\nThe Internet user undertakes to make personal and non-commercial use of the information contained on the site.<br \/>\nShould the user fail to comply with the provisions of this legal notice, he\/she may be held civilly and\/or criminally liable.<\/p>\n<\/div><\/div><\/div><\/div><\/div>\n","protected":false},"excerpt":{"rendered":"","protected":false},"author":9,"featured_media":0,"parent":0,"menu_order":0,"comment_status":"closed","ping_status":"closed","template":"","meta":{"_acf_changed":false,"footnotes":""},"class_list":["post-10868","page","type-page","status-publish","hentry"],"acf":[],"yoast_head":"<!-- This site is optimized with the Yoast SEO plugin v26.9 - https:\/\/yoast.com\/product\/yoast-seo-wordpress\/ -->\n<title>Ch\u00e2teaux Exp\u00e9riences - Compliance with legal notices<\/title>\n<meta name=\"description\" content=\"Here are the legal notices for the Ch\u00e2teaux Exp\u00e9riences website. Compliance with the conditions of use is presented on this page.\" \/>\n<meta name=\"robots\" content=\"index, follow, max-snippet:-1, max-image-preview:large, max-video-preview:-1\" \/>\n<link rel=\"canonical\" href=\"https:\/\/chateauxexperiences.com\/legal-notices\/\" \/>\n<meta property=\"og:locale\" content=\"en_US\" \/>\n<meta property=\"og:type\" content=\"article\" \/>\n<meta property=\"og:title\" content=\"Ch\u00e2teaux Exp\u00e9riences - Compliance with legal notices\" \/>\n<meta property=\"og:description\" content=\"Here are the legal notices for the Ch\u00e2teaux Exp\u00e9riences website. Compliance with the conditions of use is presented on this page.\" \/>\n<meta property=\"og:url\" content=\"https:\/\/chateauxexperiences.com\/legal-notices\/\" \/>\n<meta property=\"og:site_name\" content=\"Ch\u00e2teaux Exp\u00e9riences\" \/>\n<meta property=\"article:publisher\" content=\"https:\/\/www.facebook.com\/ChateauxExperiences\" \/>\n<meta property=\"article:modified_time\" content=\"2024-02-13T13:22:14+00:00\" \/>\n<meta name=\"twitter:card\" content=\"summary_large_image\" \/>\n<meta name=\"twitter:label1\" content=\"Est. reading time\" \/>\n\t<meta name=\"twitter:data1\" content=\"4 minutes\" \/>\n<script type=\"application\/ld+json\" class=\"yoast-schema-graph\">{\"@context\":\"https:\/\/schema.org\",\"@graph\":[{\"@type\":\"WebPage\",\"@id\":\"https:\/\/chateauxexperiences.com\/legal-notices\/\",\"url\":\"https:\/\/chateauxexperiences.com\/legal-notices\/\",\"name\":\"Ch\u00e2teaux Exp\u00e9riences - Compliance with legal notices\",\"isPartOf\":{\"@id\":\"https:\/\/chateauxexperiences.com\/#website\"},\"datePublished\":\"2023-11-21T16:34:02+00:00\",\"dateModified\":\"2024-02-13T13:22:14+00:00\",\"description\":\"Here are the legal notices for the Ch\u00e2teaux Exp\u00e9riences website. Compliance with the conditions of use is presented on this page.\",\"inLanguage\":\"en-US\",\"potentialAction\":[{\"@type\":\"ReadAction\",\"target\":[\"https:\/\/chateauxexperiences.com\/legal-notices\/\"]}]},{\"@type\":\"WebSite\",\"@id\":\"https:\/\/chateauxexperiences.com\/#website\",\"url\":\"https:\/\/chateauxexperiences.com\/\",\"name\":\"Ch\u00e2teaux Exp\u00e9riences\",\"description\":\"Votre plus belle exp\u00e9rience dans un ch\u00e2teau\",\"publisher\":{\"@id\":\"https:\/\/chateauxexperiences.com\/#organization\"},\"potentialAction\":[{\"@type\":\"SearchAction\",\"target\":{\"@type\":\"EntryPoint\",\"urlTemplate\":\"https:\/\/chateauxexperiences.com\/?s={search_term_string}\"},\"query-input\":{\"@type\":\"PropertyValueSpecification\",\"valueRequired\":true,\"valueName\":\"search_term_string\"}}],\"inLanguage\":\"en-US\"},{\"@type\":\"Organization\",\"@id\":\"https:\/\/chateauxexperiences.com\/#organization\",\"name\":\"Ch\u00e2teaux Exp\u00e9riences\",\"url\":\"https:\/\/chateauxexperiences.com\/\",\"logo\":{\"@type\":\"ImageObject\",\"inLanguage\":\"en-US\",\"@id\":\"https:\/\/chateauxexperiences.com\/#\/schema\/logo\/image\/\",\"url\":\"https:\/\/chateauxexperiences.com\/wp-content\/uploads\/2022\/08\/Logo_Chateauxexp.png\",\"contentUrl\":\"https:\/\/chateauxexperiences.com\/wp-content\/uploads\/2022\/08\/Logo_Chateauxexp.png\",\"width\":747,\"height\":158,\"caption\":\"Ch\u00e2teaux Exp\u00e9riences\"},\"image\":{\"@id\":\"https:\/\/chateauxexperiences.com\/#\/schema\/logo\/image\/\"},\"sameAs\":[\"https:\/\/www.facebook.com\/ChateauxExperiences\",\"https:\/\/www.linkedin.com\/company\/chateaux-experiences\/\",\"https:\/\/www.instagram.com\/chateaux_experiences\/\"]}]}<\/script>\n<!-- \/ Yoast SEO plugin. -->","yoast_head_json":{"title":"Ch\u00e2teaux Exp\u00e9riences - Compliance with legal notices","description":"Here are the legal notices for the Ch\u00e2teaux Exp\u00e9riences website. Compliance with the conditions of use is presented on this page.","robots":{"index":"index","follow":"follow","max-snippet":"max-snippet:-1","max-image-preview":"max-image-preview:large","max-video-preview":"max-video-preview:-1"},"canonical":"https:\/\/chateauxexperiences.com\/legal-notices\/","og_locale":"en_US","og_type":"article","og_title":"Ch\u00e2teaux Exp\u00e9riences - Compliance with legal notices","og_description":"Here are the legal notices for the Ch\u00e2teaux Exp\u00e9riences website. Compliance with the conditions of use is presented on this page.","og_url":"https:\/\/chateauxexperiences.com\/legal-notices\/","og_site_name":"Ch\u00e2teaux Exp\u00e9riences","article_publisher":"https:\/\/www.facebook.com\/ChateauxExperiences","article_modified_time":"2024-02-13T13:22:14+00:00","twitter_card":"summary_large_image","twitter_misc":{"Est. reading time":"4 minutes"},"schema":{"@context":"https:\/\/schema.org","@graph":[{"@type":"WebPage","@id":"https:\/\/chateauxexperiences.com\/legal-notices\/","url":"https:\/\/chateauxexperiences.com\/legal-notices\/","name":"Ch\u00e2teaux Exp\u00e9riences - Compliance with legal notices","isPartOf":{"@id":"https:\/\/chateauxexperiences.com\/#website"},"datePublished":"2023-11-21T16:34:02+00:00","dateModified":"2024-02-13T13:22:14+00:00","description":"Here are the legal notices for the Ch\u00e2teaux Exp\u00e9riences website. Compliance with the conditions of use is presented on this page.","inLanguage":"en-US","potentialAction":[{"@type":"ReadAction","target":["https:\/\/chateauxexperiences.com\/legal-notices\/"]}]},{"@type":"WebSite","@id":"https:\/\/chateauxexperiences.com\/#website","url":"https:\/\/chateauxexperiences.com\/","name":"Ch\u00e2teaux Exp\u00e9riences","description":"Votre plus belle exp\u00e9rience dans un ch\u00e2teau","publisher":{"@id":"https:\/\/chateauxexperiences.com\/#organization"},"potentialAction":[{"@type":"SearchAction","target":{"@type":"EntryPoint","urlTemplate":"https:\/\/chateauxexperiences.com\/?s={search_term_string}"},"query-input":{"@type":"PropertyValueSpecification","valueRequired":true,"valueName":"search_term_string"}}],"inLanguage":"en-US"},{"@type":"Organization","@id":"https:\/\/chateauxexperiences.com\/#organization","name":"Ch\u00e2teaux Exp\u00e9riences","url":"https:\/\/chateauxexperiences.com\/","logo":{"@type":"ImageObject","inLanguage":"en-US","@id":"https:\/\/chateauxexperiences.com\/#\/schema\/logo\/image\/","url":"https:\/\/chateauxexperiences.com\/wp-content\/uploads\/2022\/08\/Logo_Chateauxexp.png","contentUrl":"https:\/\/chateauxexperiences.com\/wp-content\/uploads\/2022\/08\/Logo_Chateauxexp.png","width":747,"height":158,"caption":"Ch\u00e2teaux Exp\u00e9riences"},"image":{"@id":"https:\/\/chateauxexperiences.com\/#\/schema\/logo\/image\/"},"sameAs":["https:\/\/www.facebook.com\/ChateauxExperiences","https:\/\/www.linkedin.com\/company\/chateaux-experiences\/","https:\/\/www.instagram.com\/chateaux_experiences\/"]}]}},"_links":{"self":[{"href":"https:\/\/chateauxexperiences.com\/en\/wp-json\/wp\/v2\/pages\/10868","targetHints":{"allow":["GET"]}}],"collection":[{"href":"https:\/\/chateauxexperiences.com\/en\/wp-json\/wp\/v2\/pages"}],"about":[{"href":"https:\/\/chateauxexperiences.com\/en\/wp-json\/wp\/v2\/types\/page"}],"author":[{"embeddable":true,"href":"https:\/\/chateauxexperiences.com\/en\/wp-json\/wp\/v2\/users\/9"}],"replies":[{"embeddable":true,"href":"https:\/\/chateauxexperiences.com\/en\/wp-json\/wp\/v2\/comments?post=10868"}],"version-history":[{"count":6,"href":"https:\/\/chateauxexperiences.com\/en\/wp-json\/wp\/v2\/pages\/10868\/revisions"}],"predecessor-version":[{"id":11402,"href":"https:\/\/chateauxexperiences.com\/en\/wp-json\/wp\/v2\/pages\/10868\/revisions\/11402"}],"wp:attachment":[{"href":"https:\/\/chateauxexperiences.com\/en\/wp-json\/wp\/v2\/media?parent=10868"}],"curies":[{"name":"wp","href":"https:\/\/api.w.org\/{rel}","templated":true}]}}