{"id":10863,"date":"2023-11-21T17:28:31","date_gmt":"2023-11-21T16:28:31","guid":{"rendered":"https:\/\/chateauxexperiences.com\/team-2\/"},"modified":"2024-02-13T14:21:17","modified_gmt":"2024-02-13T13:21:17","slug":"team-2","status":"publish","type":"page","link":"https:\/\/chateauxexperiences.com\/en\/team-2\/","title":{"rendered":"team"},"content":{"rendered":"<div class=\"fusion-fullwidth fullwidth-box fusion-builder-row-1 fusion-flex-container nonhundred-percent-fullwidth non-hundred-percent-height-scrolling\" style=\"--awb-border-radius-top-left:0px;--awb-border-radius-top-right:0px;--awb-border-radius-bottom-right:0px;--awb-border-radius-bottom-left:0px;--awb-margin-top:50px;--awb-min-height:450px;--awb-flex-wrap:wrap;\" ><div class=\"fusion-builder-row fusion-row fusion-flex-align-items-stretch fusion-flex-justify-content-center fusion-flex-content-wrap\" style=\"max-width:calc( 1200px + 50px );margin-left: calc(-50px \/ 2 );margin-right: calc(-50px \/ 2 );\"><div class=\"fusion-layout-column fusion_builder_column fusion-builder-column-0 fusion_builder_column_1_3 1_3 fusion-flex-column fusion-flex-align-self-stretch\" style=\"--awb-padding-top:45px;--awb-padding-right:25px;--awb-padding-bottom:10px;--awb-padding-left:25px;--awb-bg-color:#1c2e5e;--awb-bg-color-hover:#1c2e5e;--awb-bg-size:cover;--awb-width-large:33.333333333333%;--awb-margin-top-large:0px;--awb-spacing-right-large:25px;--awb-margin-bottom-large:20px;--awb-spacing-left-large:25px;--awb-width-medium:100%;--awb-order-medium:0;--awb-spacing-right-medium:25px;--awb-spacing-left-medium:25px;--awb-width-small:100%;--awb-order-small:0;--awb-spacing-right-small:25px;--awb-spacing-left-small:25px;\"><div class=\"fusion-column-wrapper fusion-column-has-shadow fusion-flex-justify-content-space-between fusion-content-layout-column\"><div class=\"fusion-title title fusion-title-1 fusion-title-center fusion-title-text fusion-title-size-two\" style=\"--awb-text-color:#ffffff;\"><div class=\"title-sep-container title-sep-container-left\"><div class=\"title-sep sep- sep-solid\" style=\"border-color:#e0dede;\"><\/div><\/div><span class=\"awb-title-spacer\"><\/span><h2 class=\"fusion-title-heading title-heading-center\" style=\"margin:0;text-transform:uppercase;\">Bureau<br \/>\ndes conseils<\/h2><span class=\"awb-title-spacer\"><\/span><div class=\"title-sep-container title-sep-container-right\"><div class=\"title-sep sep- sep-solid\" style=\"border-color:#e0dede;\"><\/div><\/div><\/div><div class=\"fusion-image-element \" style=\"text-align:center;--awb-max-width:150px;--awb-caption-title-font-family:var(--h2_typography-font-family);--awb-caption-title-font-weight:var(--h2_typography-font-weight);--awb-caption-title-font-style:var(--h2_typography-font-style);--awb-caption-title-size:var(--h2_typography-font-size);--awb-caption-title-transform:var(--h2_typography-text-transform);--awb-caption-title-line-height:var(--h2_typography-line-height);--awb-caption-title-letter-spacing:var(--h2_typography-letter-spacing);\"><span class=\" fusion-imageframe imageframe-none imageframe-1 hover-type-none\"><a class=\"fusion-no-lightbox\" href=\"https:\/\/conseil.chateauxexperiences.com\" target=\"_blank\" aria-label=\"logo\" rel=\"noopener noreferrer\"><img decoding=\"async\" width=\"2000\" height=\"1975\" src=\"https:\/\/chateauxexperiences.com\/wp-content\/uploads\/2021\/02\/collectif-logo1.png\" alt class=\"img-responsive wp-image-10864\" srcset=\"https:\/\/chateauxexperiences.com\/wp-content\/uploads\/2021\/02\/collectif-logo1-200x198.png 200w, https:\/\/chateauxexperiences.com\/wp-content\/uploads\/2021\/02\/collectif-logo1-400x395.png 400w, https:\/\/chateauxexperiences.com\/wp-content\/uploads\/2021\/02\/collectif-logo1-600x593.png 600w, https:\/\/chateauxexperiences.com\/wp-content\/uploads\/2021\/02\/collectif-logo1-800x790.png 800w, https:\/\/chateauxexperiences.com\/wp-content\/uploads\/2021\/02\/collectif-logo1-1200x1185.png 1200w, https:\/\/chateauxexperiences.com\/wp-content\/uploads\/2021\/02\/collectif-logo1.png 2000w\" sizes=\"(max-width: 1024px) 100vw, (max-width: 640px) 100vw, 400px\" \/><\/a><\/span><\/div><div class=\"fusion-text fusion-text-1\" style=\"--awb-content-alignment:center;--awb-font-size:25px;--awb-text-color:#ffffff;--awb-text-font-family:&quot;Libre Baskerville&quot;;--awb-text-font-style:normal;--awb-text-font-weight:700;\"><p>pour les propri\u00e9taires de patrimoine<\/p>\n<\/div><\/div><\/div><div class=\"fusion-layout-column fusion_builder_column fusion-builder-column-1 fusion_builder_column_1_3 1_3 fusion-flex-column fusion-flex-align-self-stretch\" style=\"--awb-padding-top:45px;--awb-padding-right:25px;--awb-padding-bottom:10px;--awb-padding-left:25px;--awb-bg-color:#dea85d;--awb-bg-color-hover:#dea85d;--awb-bg-size:cover;--awb-width-large:33.333333333333%;--awb-margin-top-large:0px;--awb-spacing-right-large:25px;--awb-margin-bottom-large:20px;--awb-spacing-left-large:25px;--awb-width-medium:100%;--awb-order-medium:0;--awb-spacing-right-medium:25px;--awb-spacing-left-medium:25px;--awb-width-small:100%;--awb-order-small:0;--awb-spacing-right-small:25px;--awb-spacing-left-small:25px;\"><div class=\"fusion-column-wrapper fusion-column-has-shadow fusion-flex-justify-content-space-between fusion-content-layout-column\"><div class=\"fusion-title title fusion-title-2 fusion-title-center fusion-title-text fusion-title-size-one\" style=\"--awb-text-color:#ffffff;\"><div class=\"title-sep-container title-sep-container-left\"><div class=\"title-sep sep- sep-solid\" style=\"border-color:#e0dede;\"><\/div><\/div><span class=\"awb-title-spacer\"><\/span><h1 class=\"fusion-title-heading title-heading-center\" style=\"margin:0;text-transform:uppercase;\">Bureau<br \/>\ndes s\u00e9jours<\/h1><span class=\"awb-title-spacer\"><\/span><div class=\"title-sep-container title-sep-container-right\"><div class=\"title-sep sep- sep-solid\" style=\"border-color:#e0dede;\"><\/div><\/div><\/div><div class=\"fusion-image-element \" style=\"text-align:center;--awb-max-width:118px;--awb-caption-title-font-family:var(--h2_typography-font-family);--awb-caption-title-font-weight:var(--h2_typography-font-weight);--awb-caption-title-font-style:var(--h2_typography-font-style);--awb-caption-title-size:var(--h2_typography-font-size);--awb-caption-title-transform:var(--h2_typography-text-transform);--awb-caption-title-line-height:var(--h2_typography-line-height);--awb-caption-title-letter-spacing:var(--h2_typography-letter-spacing);\"><span class=\" fusion-imageframe imageframe-none imageframe-2 hover-type-none\"><a class=\"fusion-no-lightbox\" href=\"https:\/\/chateauxexperiences.com\/trouver-mon-sejour\/\" target=\"_blank\" aria-label=\"logo\" rel=\"noopener noreferrer\"><img decoding=\"async\" width=\"2000\" height=\"1930\" src=\"https:\/\/chateauxexperiences.com\/wp-content\/uploads\/2021\/02\/collectif-logo2.png\" alt class=\"img-responsive wp-image-10865\" srcset=\"https:\/\/chateauxexperiences.com\/wp-content\/uploads\/2021\/02\/collectif-logo2-200x193.png 200w, https:\/\/chateauxexperiences.com\/wp-content\/uploads\/2021\/02\/collectif-logo2-400x386.png 400w, https:\/\/chateauxexperiences.com\/wp-content\/uploads\/2021\/02\/collectif-logo2-600x579.png 600w, https:\/\/chateauxexperiences.com\/wp-content\/uploads\/2021\/02\/collectif-logo2-800x772.png 800w, https:\/\/chateauxexperiences.com\/wp-content\/uploads\/2021\/02\/collectif-logo2-1200x1158.png 1200w, https:\/\/chateauxexperiences.com\/wp-content\/uploads\/2021\/02\/collectif-logo2.png 2000w\" sizes=\"(max-width: 1024px) 100vw, (max-width: 640px) 100vw, 400px\" \/><\/a><\/span><\/div><div class=\"fusion-text fusion-text-2\" style=\"--awb-content-alignment:center;--awb-font-size:25px;--awb-text-color:#ffffff;--awb-text-font-family:&quot;Libre Baskerville&quot;;--awb-text-font-style:normal;--awb-text-font-weight:700;\"><p>pour les voyageurs de patrimoine<\/p>\n<\/div><\/div><\/div><div class=\"fusion-layout-column fusion_builder_column fusion-builder-column-2 fusion_builder_column_1_3 1_3 fusion-flex-column fusion-flex-align-self-stretch\" style=\"--awb-padding-top:45px;--awb-padding-right:25px;--awb-padding-bottom:10px;--awb-padding-left:25px;--awb-bg-color:#0f4751;--awb-bg-color-hover:#0f4751;--awb-bg-size:cover;--awb-width-large:33.333333333333%;--awb-margin-top-large:0px;--awb-spacing-right-large:25px;--awb-margin-bottom-large:20px;--awb-spacing-left-large:25px;--awb-width-medium:100%;--awb-order-medium:0;--awb-spacing-right-medium:25px;--awb-spacing-left-medium:25px;--awb-width-small:100%;--awb-order-small:0;--awb-spacing-right-small:25px;--awb-spacing-left-small:25px;\"><div class=\"fusion-column-wrapper fusion-column-has-shadow fusion-flex-justify-content-space-between fusion-content-layout-column\"><div class=\"fusion-title title fusion-title-3 fusion-title-center fusion-title-text fusion-title-size-two\" style=\"--awb-text-color:#ffffff;\"><div class=\"title-sep-container title-sep-container-left\"><div class=\"title-sep sep- sep-solid\" style=\"border-color:#e0dede;\"><\/div><\/div><span class=\"awb-title-spacer\"><\/span><h2 class=\"fusion-title-heading title-heading-center\" style=\"margin:0;text-transform:uppercase;\"><strong>Bureau<\/strong><br \/>des \u00e9chos<\/h2><span class=\"awb-title-spacer\"><\/span><div class=\"title-sep-container title-sep-container-right\"><div class=\"title-sep sep- sep-solid\" style=\"border-color:#e0dede;\"><\/div><\/div><\/div><div class=\"fusion-image-element \" style=\"text-align:center;--awb-max-width:150px;--awb-caption-title-font-family:var(--h2_typography-font-family);--awb-caption-title-font-weight:var(--h2_typography-font-weight);--awb-caption-title-font-style:var(--h2_typography-font-style);--awb-caption-title-size:var(--h2_typography-font-size);--awb-caption-title-transform:var(--h2_typography-text-transform);--awb-caption-title-line-height:var(--h2_typography-line-height);--awb-caption-title-letter-spacing:var(--h2_typography-letter-spacing);\"><span class=\" fusion-imageframe imageframe-none imageframe-3 hover-type-none\"><a class=\"fusion-no-lightbox\" href=\"https:\/\/media.chateauxexperiences.com\" target=\"_blank\" aria-label=\"logo\" rel=\"noopener noreferrer\"><img decoding=\"async\" width=\"289\" height=\"302\" src=\"https:\/\/chateauxexperiences.com\/wp-content\/uploads\/2021\/02\/collectif-logo3-e1613574099296.png\" alt class=\"img-responsive wp-image-10866\" srcset=\"https:\/\/chateauxexperiences.com\/wp-content\/uploads\/2021\/02\/collectif-logo3-e1613574099296-200x209.png 200w, https:\/\/chateauxexperiences.com\/wp-content\/uploads\/2021\/02\/collectif-logo3-e1613574099296.png 289w\" sizes=\"(max-width: 1024px) 100vw, (max-width: 640px) 100vw, 289px\" \/><\/a><\/span><\/div><div class=\"fusion-text fusion-text-3\" style=\"--awb-content-alignment:center;--awb-font-size:25px;--awb-text-color:#ffffff;--awb-text-font-family:&quot;Libre Baskerville&quot;;--awb-text-font-style:normal;--awb-text-font-weight:700;\"><p>pour les amateurs de patrimoine<\/p>\n<\/div><\/div><\/div><\/div><\/div>\n","protected":false},"excerpt":{"rendered":"","protected":false},"author":1,"featured_media":0,"parent":0,"menu_order":0,"comment_status":"closed","ping_status":"closed","template":"","meta":{"_acf_changed":false,"footnotes":""},"class_list":["post-10863","page","type-page","status-publish","hentry"],"acf":[],"yoast_head":"<!-- This site is optimized with the Yoast SEO plugin v26.9 - https:\/\/yoast.com\/product\/yoast-seo-wordpress\/ -->\n<title>Ch\u00e2teaux Exp\u00e9riences - Ch\u00e2teaux Exp\u00e9riences<\/title>\n<meta name=\"description\" content=\"The Ch\u00e2teaux Exp\u00e9riences collective brings together all its skills to advise you and guide you according to your needs\" \/>\n<meta name=\"robots\" content=\"index, follow, max-snippet:-1, max-image-preview:large, max-video-preview:-1\" \/>\n<link rel=\"canonical\" href=\"https:\/\/chateauxexperiences.com\/le-collectif\/\" \/>\n<meta property=\"og:locale\" content=\"en_US\" \/>\n<meta property=\"og:type\" content=\"article\" \/>\n<meta property=\"og:title\" content=\"Ch\u00e2teaux Exp\u00e9riences - Ch\u00e2teaux Exp\u00e9riences\" \/>\n<meta property=\"og:description\" content=\"The Ch\u00e2teaux Exp\u00e9riences collective brings together all its skills to advise you and guide you according to your needs\" \/>\n<meta property=\"og:url\" content=\"https:\/\/chateauxexperiences.com\/le-collectif\/\" \/>\n<meta property=\"og:site_name\" content=\"Ch\u00e2teaux Exp\u00e9riences\" \/>\n<meta property=\"article:publisher\" content=\"https:\/\/www.facebook.com\/ChateauxExperiences\" \/>\n<meta property=\"article:modified_time\" content=\"2024-02-13T13:21:17+00:00\" \/>\n<meta name=\"twitter:card\" content=\"summary_large_image\" \/>\n<meta name=\"twitter:label1\" content=\"Est. reading time\" \/>\n\t<meta name=\"twitter:data1\" content=\"7 minutes\" \/>\n<script type=\"application\/ld+json\" class=\"yoast-schema-graph\">{\"@context\":\"https:\/\/schema.org\",\"@graph\":[{\"@type\":\"WebPage\",\"@id\":\"https:\/\/chateauxexperiences.com\/le-collectif\/\",\"url\":\"https:\/\/chateauxexperiences.com\/le-collectif\/\",\"name\":\"Ch\u00e2teaux Exp\u00e9riences - Ch\u00e2teaux Exp\u00e9riences\",\"isPartOf\":{\"@id\":\"https:\/\/chateauxexperiences.com\/#website\"},\"datePublished\":\"2023-11-21T16:28:31+00:00\",\"dateModified\":\"2024-02-13T13:21:17+00:00\",\"description\":\"The Ch\u00e2teaux Exp\u00e9riences collective brings together all its skills to advise you and guide you according to your needs\",\"inLanguage\":\"en-US\",\"potentialAction\":[{\"@type\":\"ReadAction\",\"target\":[\"https:\/\/chateauxexperiences.com\/le-collectif\/\"]}]},{\"@type\":\"WebSite\",\"@id\":\"https:\/\/chateauxexperiences.com\/#website\",\"url\":\"https:\/\/chateauxexperiences.com\/\",\"name\":\"Ch\u00e2teaux Exp\u00e9riences\",\"description\":\"Votre plus belle exp\u00e9rience dans un ch\u00e2teau\",\"publisher\":{\"@id\":\"https:\/\/chateauxexperiences.com\/#organization\"},\"potentialAction\":[{\"@type\":\"SearchAction\",\"target\":{\"@type\":\"EntryPoint\",\"urlTemplate\":\"https:\/\/chateauxexperiences.com\/?s={search_term_string}\"},\"query-input\":{\"@type\":\"PropertyValueSpecification\",\"valueRequired\":true,\"valueName\":\"search_term_string\"}}],\"inLanguage\":\"en-US\"},{\"@type\":\"Organization\",\"@id\":\"https:\/\/chateauxexperiences.com\/#organization\",\"name\":\"Ch\u00e2teaux Exp\u00e9riences\",\"url\":\"https:\/\/chateauxexperiences.com\/\",\"logo\":{\"@type\":\"ImageObject\",\"inLanguage\":\"en-US\",\"@id\":\"https:\/\/chateauxexperiences.com\/#\/schema\/logo\/image\/\",\"url\":\"https:\/\/chateauxexperiences.com\/wp-content\/uploads\/2022\/08\/Logo_Chateauxexp.png\",\"contentUrl\":\"https:\/\/chateauxexperiences.com\/wp-content\/uploads\/2022\/08\/Logo_Chateauxexp.png\",\"width\":747,\"height\":158,\"caption\":\"Ch\u00e2teaux Exp\u00e9riences\"},\"image\":{\"@id\":\"https:\/\/chateauxexperiences.com\/#\/schema\/logo\/image\/\"},\"sameAs\":[\"https:\/\/www.facebook.com\/ChateauxExperiences\",\"https:\/\/www.linkedin.com\/company\/chateaux-experiences\/\",\"https:\/\/www.instagram.com\/chateaux_experiences\/\"]}]}<\/script>\n<!-- \/ Yoast SEO plugin. -->","yoast_head_json":{"title":"Ch\u00e2teaux Exp\u00e9riences - Ch\u00e2teaux Exp\u00e9riences","description":"The Ch\u00e2teaux Exp\u00e9riences collective brings together all its skills to advise you and guide you according to your needs","robots":{"index":"index","follow":"follow","max-snippet":"max-snippet:-1","max-image-preview":"max-image-preview:large","max-video-preview":"max-video-preview:-1"},"canonical":"https:\/\/chateauxexperiences.com\/le-collectif\/","og_locale":"en_US","og_type":"article","og_title":"Ch\u00e2teaux Exp\u00e9riences - Ch\u00e2teaux Exp\u00e9riences","og_description":"The Ch\u00e2teaux Exp\u00e9riences collective brings together all its skills to advise you and guide you according to your needs","og_url":"https:\/\/chateauxexperiences.com\/le-collectif\/","og_site_name":"Ch\u00e2teaux Exp\u00e9riences","article_publisher":"https:\/\/www.facebook.com\/ChateauxExperiences","article_modified_time":"2024-02-13T13:21:17+00:00","twitter_card":"summary_large_image","twitter_misc":{"Est. reading time":"7 minutes"},"schema":{"@context":"https:\/\/schema.org","@graph":[{"@type":"WebPage","@id":"https:\/\/chateauxexperiences.com\/le-collectif\/","url":"https:\/\/chateauxexperiences.com\/le-collectif\/","name":"Ch\u00e2teaux Exp\u00e9riences - Ch\u00e2teaux Exp\u00e9riences","isPartOf":{"@id":"https:\/\/chateauxexperiences.com\/#website"},"datePublished":"2023-11-21T16:28:31+00:00","dateModified":"2024-02-13T13:21:17+00:00","description":"The Ch\u00e2teaux Exp\u00e9riences collective brings together all its skills to advise you and guide you according to your needs","inLanguage":"en-US","potentialAction":[{"@type":"ReadAction","target":["https:\/\/chateauxexperiences.com\/le-collectif\/"]}]},{"@type":"WebSite","@id":"https:\/\/chateauxexperiences.com\/#website","url":"https:\/\/chateauxexperiences.com\/","name":"Ch\u00e2teaux Exp\u00e9riences","description":"Votre plus belle exp\u00e9rience dans un ch\u00e2teau","publisher":{"@id":"https:\/\/chateauxexperiences.com\/#organization"},"potentialAction":[{"@type":"SearchAction","target":{"@type":"EntryPoint","urlTemplate":"https:\/\/chateauxexperiences.com\/?s={search_term_string}"},"query-input":{"@type":"PropertyValueSpecification","valueRequired":true,"valueName":"search_term_string"}}],"inLanguage":"en-US"},{"@type":"Organization","@id":"https:\/\/chateauxexperiences.com\/#organization","name":"Ch\u00e2teaux Exp\u00e9riences","url":"https:\/\/chateauxexperiences.com\/","logo":{"@type":"ImageObject","inLanguage":"en-US","@id":"https:\/\/chateauxexperiences.com\/#\/schema\/logo\/image\/","url":"https:\/\/chateauxexperiences.com\/wp-content\/uploads\/2022\/08\/Logo_Chateauxexp.png","contentUrl":"https:\/\/chateauxexperiences.com\/wp-content\/uploads\/2022\/08\/Logo_Chateauxexp.png","width":747,"height":158,"caption":"Ch\u00e2teaux Exp\u00e9riences"},"image":{"@id":"https:\/\/chateauxexperiences.com\/#\/schema\/logo\/image\/"},"sameAs":["https:\/\/www.facebook.com\/ChateauxExperiences","https:\/\/www.linkedin.com\/company\/chateaux-experiences\/","https:\/\/www.instagram.com\/chateaux_experiences\/"]}]}},"_links":{"self":[{"href":"https:\/\/chateauxexperiences.com\/en\/wp-json\/wp\/v2\/pages\/10863","targetHints":{"allow":["GET"]}}],"collection":[{"href":"https:\/\/chateauxexperiences.com\/en\/wp-json\/wp\/v2\/pages"}],"about":[{"href":"https:\/\/chateauxexperiences.com\/en\/wp-json\/wp\/v2\/types\/page"}],"author":[{"embeddable":true,"href":"https:\/\/chateauxexperiences.com\/en\/wp-json\/wp\/v2\/users\/1"}],"replies":[{"embeddable":true,"href":"https:\/\/chateauxexperiences.com\/en\/wp-json\/wp\/v2\/comments?post=10863"}],"version-history":[{"count":3,"href":"https:\/\/chateauxexperiences.com\/en\/wp-json\/wp\/v2\/pages\/10863\/revisions"}],"predecessor-version":[{"id":11400,"href":"https:\/\/chateauxexperiences.com\/en\/wp-json\/wp\/v2\/pages\/10863\/revisions\/11400"}],"wp:attachment":[{"href":"https:\/\/chateauxexperiences.com\/en\/wp-json\/wp\/v2\/media?parent=10863"}],"curies":[{"name":"wp","href":"https:\/\/api.w.org\/{rel}","templated":true}]}}