{"id":10787,"date":"2023-11-15T14:44:04","date_gmt":"2023-11-15T13:44:04","guid":{"rendered":"https:\/\/chateauxexperiences.com\/find-my-stay\/"},"modified":"2024-07-10T15:01:41","modified_gmt":"2024-07-10T13:01:41","slug":"find-my-stay","status":"publish","type":"page","link":"https:\/\/chateauxexperiences.com\/en\/find-my-stay\/","title":{"rendered":"Find my stay"},"content":{"rendered":"<div class=\"fusion-fullwidth fullwidth-box fusion-builder-row-1 fusion-flex-container mini-container nonhundred-percent-fullwidth non-hundred-percent-height-scrolling\" style=\"--awb-border-radius-top-left:0px;--awb-border-radius-top-right:0px;--awb-border-radius-bottom-right:0px;--awb-border-radius-bottom-left:0px;--awb-margin-top:75px;--awb-flex-wrap:wrap;\" ><div class=\"fusion-builder-row fusion-row fusion-flex-align-items-stretch fusion-flex-content-wrap\" style=\"max-width:1248px;margin-left: calc(-4% \/ 2 );margin-right: calc(-4% \/ 2 );\"><div class=\"fusion-layout-column fusion_builder_column fusion-builder-column-0 fusion_builder_column_1_1 1_1 fusion-flex-column\" style=\"--awb-bg-size:cover;--awb-width-large:100%;--awb-margin-top-large:0px;--awb-spacing-right-large:1.92%;--awb-margin-bottom-large:20px;--awb-spacing-left-large:1.92%;--awb-width-medium:100%;--awb-order-medium:0;--awb-spacing-right-medium:1.92%;--awb-spacing-left-medium:1.92%;--awb-width-small:100%;--awb-order-small:0;--awb-spacing-right-small:1.92%;--awb-spacing-left-small:1.92%;\"><div class=\"fusion-column-wrapper fusion-column-has-shadow fusion-flex-justify-content-flex-start fusion-content-layout-column\"><div class=\"fusion-title title fusion-title-1 fusion-title-center fusion-title-text fusion-title-size-two\"><div class=\"title-sep-container title-sep-container-left\"><div class=\"title-sep sep- sep-solid\" style=\"border-color:#e0dede;\"><\/div><\/div><span class=\"awb-title-spacer\"><\/span><h2 class=\"fusion-title-heading title-heading-center\" style=\"margin:0;text-transform:uppercase;\">Our experiences of the month<\/h2><span class=\"awb-title-spacer\"><\/span><div class=\"title-sep-container title-sep-container-right\"><div class=\"title-sep sep- sep-solid\" style=\"border-color:#e0dede;\"><\/div><\/div><\/div><\/div><\/div><div class=\"fusion-layout-column fusion_builder_column fusion-builder-column-1 fusion_builder_column_1_3 1_3 fusion-flex-column max-w-bloc-chateau fusion-column-inner-bg-wrapper\" style=\"--awb-inner-bg-color:#b8ced3;--awb-inner-bg-color-hover:#b8ced3;--awb-inner-bg-size:cover;--awb-box-shadow:5px 5px 5px 0px #c4c4c4;;--awb-width-large:33.333333333333%;--awb-margin-top-large:0px;--awb-spacing-right-large:5.76%;--awb-margin-bottom-large:20px;--awb-spacing-left-large:5.76%;--awb-width-medium:100%;--awb-order-medium:0;--awb-spacing-right-medium:1.92%;--awb-spacing-left-medium:1.92%;--awb-width-small:100%;--awb-order-small:0;--awb-spacing-right-small:1.92%;--awb-spacing-left-small:1.92%;\" data-motion-effects=\"[{&quot;type&quot;:&quot;&quot;,&quot;scroll_type&quot;:&quot;transition&quot;,&quot;scroll_direction&quot;:&quot;up&quot;,&quot;transition_speed&quot;:&quot;1&quot;,&quot;fade_type&quot;:&quot;in&quot;,&quot;scale_type&quot;:&quot;up&quot;,&quot;initial_scale&quot;:&quot;1&quot;,&quot;max_scale&quot;:&quot;1.5&quot;,&quot;min_scale&quot;:&quot;0.5&quot;,&quot;initial_rotate&quot;:&quot;0&quot;,&quot;end_rotate&quot;:&quot;30&quot;,&quot;initial_blur&quot;:&quot;0&quot;,&quot;end_blur&quot;:&quot;3&quot;,&quot;start_element&quot;:&quot;top&quot;,&quot;start_viewport&quot;:&quot;bottom&quot;,&quot;end_element&quot;:&quot;bottom&quot;,&quot;end_viewport&quot;:&quot;top&quot;,&quot;mouse_effect&quot;:&quot;track&quot;,&quot;mouse_effect_direction&quot;:&quot;opposite&quot;,&quot;mouse_effect_speed&quot;:&quot;2&quot;,&quot;infinite_animation&quot;:&quot;float&quot;,&quot;infinite_animation_speed&quot;:&quot;2&quot;}]\" data-scroll-devices=\"small-visibility,medium-visibility,large-visibility\"><span class=\"fusion-column-inner-bg hover-type-none\"><a class=\"fusion-column-anchor\" href=\"https:\/\/chateauxexperiences.com\/chateaux\/orangerie-de-trottevieille\/\"><span class=\"fusion-column-inner-bg-image\"><\/span><\/a><\/span><div class=\"fusion-column-wrapper fusion-column-has-shadow fusion-flex-justify-content-flex-start fusion-content-layout-column\"><div class=\"fusion-image-element \" style=\"text-align:center;--awb-margin-bottom:15px;--awb-caption-title-font-family:var(--h2_typography-font-family);--awb-caption-title-font-weight:var(--h2_typography-font-weight);--awb-caption-title-font-style:var(--h2_typography-font-style);--awb-caption-title-size:var(--h2_typography-font-size);--awb-caption-title-transform:var(--h2_typography-text-transform);--awb-caption-title-line-height:var(--h2_typography-line-height);--awb-caption-title-letter-spacing:var(--h2_typography-letter-spacing);\"><span class=\" fusion-imageframe imageframe-none imageframe-1 hover-type-none\"><a class=\"fusion-no-lightbox\" href=\"https:\/\/chateauxexperiences.com\/chateaux\/le-chateau-marcellus\/\" target=\"_self\" aria-label=\"IMG_7238\"><img decoding=\"async\" width=\"600\" height=\"450\" src=\"https:\/\/chateauxexperiences.com\/wp-content\/uploads\/2023\/05\/IMG_7238-600x450.jpg\" alt class=\"img-responsive wp-image-10820\" srcset=\"https:\/\/chateauxexperiences.com\/wp-content\/uploads\/2023\/05\/IMG_7238-200x150.jpg 200w, https:\/\/chateauxexperiences.com\/wp-content\/uploads\/2023\/05\/IMG_7238-400x300.jpg 400w, https:\/\/chateauxexperiences.com\/wp-content\/uploads\/2023\/05\/IMG_7238-600x450.jpg 600w, https:\/\/chateauxexperiences.com\/wp-content\/uploads\/2023\/05\/IMG_7238-800x600.jpg 800w, https:\/\/chateauxexperiences.com\/wp-content\/uploads\/2023\/05\/IMG_7238-1200x900.jpg 1200w\" sizes=\"(max-width: 1024px) 100vw, (max-width: 640px) 100vw, 400px\" \/><\/a><\/span><\/div><div class=\"fusion-title title fusion-title-2 fusion-title-text fusion-title-size-three px-2 mt-2\" style=\"--awb-margin-bottom:0px;--awb-link-color:#0f3740;\"><div class=\"title-sep-container title-sep-container-left fusion-no-large-visibility fusion-no-medium-visibility fusion-no-small-visibility\"><div class=\"title-sep sep- sep-solid\" style=\"border-color:#e0dede;\"><\/div><\/div><span class=\"awb-title-spacer fusion-no-large-visibility fusion-no-medium-visibility fusion-no-small-visibility\"><\/span><h3 class=\"fusion-title-heading title-heading-left\" style=\"font-family:&quot;Montserrat&quot;;font-style:normal;font-weight:700;margin:0;text-transform:uppercase;\"><a href=\"https:\/\/chateauxexperiences.com\/chateaux\/orangerie-de-trottevieille\/\" class=\"awb-custom-text-color awb-custom-text-hover-color\" target=\"_self\">Orangerie de TrotteVieille<\/a><\/h3><span class=\"awb-title-spacer\"><\/span><div class=\"title-sep-container title-sep-container-right\"><div class=\"title-sep sep- sep-solid\" style=\"border-color:#e0dede;\"><\/div><\/div><\/div><ul style=\"--awb-size:18px;--awb-iconcolor:#0f4751;--awb-line-height:30.6px;--awb-icon-width:30.6px;--awb-icon-height:30.6px;--awb-icon-margin:12.6px;--awb-content-margin:43.2px;\" class=\"fusion-checklist fusion-checklist-1 fusion-checklist-default type-icons px-2\"><li class=\"fusion-li-item\" style=\"\"><span class=\"icon-wrapper circle-no\"><i class=\"fusion-li-icon fa-users fas\" aria-hidden=\"true\"><\/i><\/span><div class=\"fusion-li-item-content\">\n<p>Groups stay<\/p>\n<\/div><\/li><li class=\"fusion-li-item\" style=\"\"><span class=\"icon-wrapper circle-no\"><i class=\"fusion-li-icon fa-map-signs fas\" aria-hidden=\"true\"><\/i><\/span><div class=\"fusion-li-item-content\">\n<p style=\"font-family: 'Helvetica';\">Gironde<\/p>\n<\/div><\/li><\/ul><\/div><\/div><div class=\"fusion-layout-column fusion_builder_column fusion-builder-column-2 fusion_builder_column_1_3 1_3 fusion-flex-column max-w-bloc-chateau fusion-column-inner-bg-wrapper\" style=\"--awb-inner-bg-color:#b8ced3;--awb-inner-bg-color-hover:#b8ced3;--awb-inner-bg-size:cover;--awb-box-shadow:5px 5px 5px 0px #c4c4c4;;--awb-width-large:33.333333333333%;--awb-margin-top-large:0px;--awb-spacing-right-large:5.76%;--awb-margin-bottom-large:20px;--awb-spacing-left-large:5.76%;--awb-width-medium:100%;--awb-order-medium:0;--awb-spacing-right-medium:1.92%;--awb-spacing-left-medium:1.92%;--awb-width-small:100%;--awb-order-small:0;--awb-spacing-right-small:1.92%;--awb-spacing-left-small:1.92%;\" data-motion-effects=\"[{&quot;type&quot;:&quot;&quot;,&quot;scroll_type&quot;:&quot;transition&quot;,&quot;scroll_direction&quot;:&quot;up&quot;,&quot;transition_speed&quot;:&quot;1&quot;,&quot;fade_type&quot;:&quot;in&quot;,&quot;scale_type&quot;:&quot;up&quot;,&quot;initial_scale&quot;:&quot;1&quot;,&quot;max_scale&quot;:&quot;1.5&quot;,&quot;min_scale&quot;:&quot;0.5&quot;,&quot;initial_rotate&quot;:&quot;0&quot;,&quot;end_rotate&quot;:&quot;30&quot;,&quot;initial_blur&quot;:&quot;0&quot;,&quot;end_blur&quot;:&quot;3&quot;,&quot;start_element&quot;:&quot;top&quot;,&quot;start_viewport&quot;:&quot;bottom&quot;,&quot;end_element&quot;:&quot;bottom&quot;,&quot;end_viewport&quot;:&quot;top&quot;,&quot;mouse_effect&quot;:&quot;track&quot;,&quot;mouse_effect_direction&quot;:&quot;opposite&quot;,&quot;mouse_effect_speed&quot;:&quot;2&quot;,&quot;infinite_animation&quot;:&quot;float&quot;,&quot;infinite_animation_speed&quot;:&quot;2&quot;}]\" data-scroll-devices=\"small-visibility,medium-visibility,large-visibility\"><span class=\"fusion-column-inner-bg hover-type-none\"><a class=\"fusion-column-anchor\" href=\"https:\/\/chateauxexperiences.com\/chateaux\/le-chateau-de-presque\/\"><span class=\"fusion-column-inner-bg-image\"><\/span><\/a><\/span><div class=\"fusion-column-wrapper fusion-column-has-shadow fusion-flex-justify-content-flex-start fusion-content-layout-column\"><div class=\"fusion-image-element \" style=\"text-align:center;--awb-margin-bottom:15px;--awb-caption-title-font-family:var(--h2_typography-font-family);--awb-caption-title-font-weight:var(--h2_typography-font-weight);--awb-caption-title-font-style:var(--h2_typography-font-style);--awb-caption-title-size:var(--h2_typography-font-size);--awb-caption-title-transform:var(--h2_typography-text-transform);--awb-caption-title-line-height:var(--h2_typography-line-height);--awb-caption-title-letter-spacing:var(--h2_typography-letter-spacing);\"><span class=\" fusion-imageframe imageframe-none imageframe-2 hover-type-none\"><a class=\"fusion-no-lightbox\" href=\"https:\/\/chateauxexperiences.com\/chateaux\/chateau-de-fontareches\/\" target=\"_self\" aria-label=\"Cha\u0302teau_Presque-88\"><img decoding=\"async\" width=\"600\" height=\"400\" src=\"https:\/\/chateauxexperiences.com\/wp-content\/uploads\/2021\/06\/Cha\u0302teau_Presque-88-600x400.jpg\" alt class=\"img-responsive wp-image-10319\" srcset=\"https:\/\/chateauxexperiences.com\/wp-content\/uploads\/2021\/06\/Cha\u0302teau_Presque-88-200x133.jpg 200w, https:\/\/chateauxexperiences.com\/wp-content\/uploads\/2021\/06\/Cha\u0302teau_Presque-88-400x267.jpg 400w, https:\/\/chateauxexperiences.com\/wp-content\/uploads\/2021\/06\/Cha\u0302teau_Presque-88-600x400.jpg 600w, https:\/\/chateauxexperiences.com\/wp-content\/uploads\/2021\/06\/Cha\u0302teau_Presque-88-800x533.jpg 800w, https:\/\/chateauxexperiences.com\/wp-content\/uploads\/2021\/06\/Cha\u0302teau_Presque-88-1200x800.jpg 1200w\" sizes=\"(max-width: 1024px) 100vw, (max-width: 640px) 100vw, 400px\" \/><\/a><\/span><\/div><div class=\"fusion-title title fusion-title-3 fusion-title-text fusion-title-size-three px-2 mt-2\" style=\"--awb-margin-bottom:0px;\"><div class=\"title-sep-container title-sep-container-left fusion-no-large-visibility fusion-no-medium-visibility fusion-no-small-visibility\"><div class=\"title-sep sep- sep-solid\" style=\"border-color:#e0dede;\"><\/div><\/div><span class=\"awb-title-spacer fusion-no-large-visibility fusion-no-medium-visibility fusion-no-small-visibility\"><\/span><h3 class=\"fusion-title-heading title-heading-left\" style=\"font-family:&quot;Montserrat&quot;;font-style:normal;font-weight:700;margin:0;text-transform:uppercase;\">Ch\u00e2teau de Presque<\/h3><span class=\"awb-title-spacer\"><\/span><div class=\"title-sep-container title-sep-container-right\"><div class=\"title-sep sep- sep-solid\" style=\"border-color:#e0dede;\"><\/div><\/div><\/div><ul style=\"--awb-size:18px;--awb-iconcolor:#0f4751;--awb-line-height:30.6px;--awb-icon-width:30.6px;--awb-icon-height:30.6px;--awb-icon-margin:12.6px;--awb-content-margin:43.2px;\" class=\"fusion-checklist fusion-checklist-2 fusion-checklist-default type-icons px-2\"><li class=\"fusion-li-item\" style=\"\"><span class=\"icon-wrapper circle-no\"><i class=\"fusion-li-icon fa-users fas\" aria-hidden=\"true\"><\/i><\/span><div class=\"fusion-li-item-content\">\n<p>Groups stay<\/p>\n<\/div><\/li><li class=\"fusion-li-item\" style=\"\"><span class=\"icon-wrapper circle-no\"><i class=\"fusion-li-icon fa-map-signs fas\" aria-hidden=\"true\"><\/i><\/span><div class=\"fusion-li-item-content\">\n<p style=\"font-family: 'Helvetica';\">Lot<\/p>\n<\/div><\/li><\/ul><\/div><\/div><div class=\"fusion-layout-column fusion_builder_column fusion-builder-column-3 fusion_builder_column_1_3 1_3 fusion-flex-column max-w-bloc-chateau fusion-column-inner-bg-wrapper\" style=\"--awb-inner-bg-color:#b8ced3;--awb-inner-bg-color-hover:#b8ced3;--awb-inner-bg-size:cover;--awb-box-shadow:5px 5px 5px 0px #c4c4c4;;--awb-width-large:33.333333333333%;--awb-margin-top-large:0px;--awb-spacing-right-large:5.76%;--awb-margin-bottom-large:20px;--awb-spacing-left-large:5.76%;--awb-width-medium:100%;--awb-order-medium:0;--awb-spacing-right-medium:1.92%;--awb-spacing-left-medium:1.92%;--awb-width-small:100%;--awb-order-small:0;--awb-spacing-right-small:1.92%;--awb-spacing-left-small:1.92%;\"><span class=\"fusion-column-inner-bg hover-type-none\"><a class=\"fusion-column-anchor\" href=\"https:\/\/chateauxexperiences.com\/chateaux\/chateau-de-bouelles\/\"><span class=\"fusion-column-inner-bg-image\"><\/span><\/a><\/span><div class=\"fusion-column-wrapper fusion-column-has-shadow fusion-flex-justify-content-flex-start fusion-content-layout-column\"><div class=\"fusion-image-element \" style=\"text-align:center;--awb-margin-bottom:15px;--awb-caption-title-font-family:var(--h2_typography-font-family);--awb-caption-title-font-weight:var(--h2_typography-font-weight);--awb-caption-title-font-style:var(--h2_typography-font-style);--awb-caption-title-size:var(--h2_typography-font-size);--awb-caption-title-transform:var(--h2_typography-text-transform);--awb-caption-title-line-height:var(--h2_typography-line-height);--awb-caption-title-letter-spacing:var(--h2_typography-letter-spacing);\"><span class=\" fusion-imageframe imageframe-none imageframe-3 hover-type-none\"><a class=\"fusion-no-lightbox\" href=\"https:\/\/chateauxexperiences.com\/chateaux\/chateau-de-bouelles\/\" target=\"_self\" aria-label=\"Ch\u00e2teau de Bouelles 9\"><img decoding=\"async\" width=\"600\" height=\"400\" src=\"https:\/\/chateauxexperiences.com\/wp-content\/uploads\/2020\/11\/Chateau-de-Bouelles-9-1-600x400.jpg\" alt class=\"img-responsive wp-image-10640\" srcset=\"https:\/\/chateauxexperiences.com\/wp-content\/uploads\/2020\/11\/Chateau-de-Bouelles-9-1-200x133.jpg 200w, https:\/\/chateauxexperiences.com\/wp-content\/uploads\/2020\/11\/Chateau-de-Bouelles-9-1-400x267.jpg 400w, https:\/\/chateauxexperiences.com\/wp-content\/uploads\/2020\/11\/Chateau-de-Bouelles-9-1-600x400.jpg 600w, https:\/\/chateauxexperiences.com\/wp-content\/uploads\/2020\/11\/Chateau-de-Bouelles-9-1-800x533.jpg 800w, https:\/\/chateauxexperiences.com\/wp-content\/uploads\/2020\/11\/Chateau-de-Bouelles-9-1.jpg 1200w\" sizes=\"(max-width: 1024px) 100vw, (max-width: 640px) 100vw, 400px\" \/><\/a><\/span><\/div><div class=\"fusion-title title fusion-title-4 fusion-title-text fusion-title-size-three px-2 mt-2\" style=\"--awb-margin-bottom:0px;\"><div class=\"title-sep-container title-sep-container-left fusion-no-large-visibility fusion-no-medium-visibility fusion-no-small-visibility\"><div class=\"title-sep sep- sep-solid\" style=\"border-color:#e0dede;\"><\/div><\/div><span class=\"awb-title-spacer fusion-no-large-visibility fusion-no-medium-visibility fusion-no-small-visibility\"><\/span><h3 class=\"fusion-title-heading title-heading-left\" style=\"font-family:&quot;Montserrat&quot;;font-style:normal;font-weight:700;margin:0;text-transform:uppercase;\">Ch\u00e2teau de Bouelles<\/h3><span class=\"awb-title-spacer\"><\/span><div class=\"title-sep-container title-sep-container-right\"><div class=\"title-sep sep- sep-solid\" style=\"border-color:#e0dede;\"><\/div><\/div><\/div><ul style=\"--awb-size:18px;--awb-iconcolor:#0f4751;--awb-line-height:30.6px;--awb-icon-width:30.6px;--awb-icon-height:30.6px;--awb-icon-margin:12.6px;--awb-content-margin:43.2px;\" class=\"fusion-checklist fusion-checklist-3 fusion-checklist-default type-icons px-2\"><li class=\"fusion-li-item\" style=\"\"><span class=\"icon-wrapper circle-no\"><i class=\"fusion-li-icon fa-users fas\" aria-hidden=\"true\"><\/i><\/span><div class=\"fusion-li-item-content\">\n<p>Groups stay<\/p>\n<\/div><\/li><li class=\"fusion-li-item\" style=\"\"><span class=\"icon-wrapper circle-no\"><i class=\"fusion-li-icon fa-map-signs fas\" aria-hidden=\"true\"><\/i><\/span><div class=\"fusion-li-item-content\">\n<p style=\"font-family: 'Helvetica';\">Normandie<\/p>\n<\/div><\/li><\/ul><\/div><\/div><\/div><\/div>\n","protected":false},"excerpt":{"rendered":"","protected":false},"author":1,"featured_media":0,"parent":0,"menu_order":0,"comment_status":"closed","ping_status":"closed","template":"templates\/search-chateaux.php","meta":{"_acf_changed":false,"footnotes":""},"class_list":["post-10787","page","type-page","status-publish","hentry"],"acf":[],"yoast_head":"<!-- This site is optimized with the Yoast SEO plugin v26.9 - https:\/\/yoast.com\/product\/yoast-seo-wordpress\/ -->\n<title>Ch\u00e2teaux Exp\u00e9riences - The ideal stay to suit your needs<\/title>\n<meta name=\"description\" content=\"The ideal stay is bound to be at Ch\u00e2teaux Exp\u00e9riences. Just contact us to help you find what you&#039;re looking for!\" \/>\n<meta name=\"robots\" content=\"index, follow, max-snippet:-1, max-image-preview:large, max-video-preview:-1\" \/>\n<link rel=\"canonical\" href=\"https:\/\/chateauxexperiences.com\/trouver-mon-sejour\/\" \/>\n<meta property=\"og:locale\" content=\"en_US\" \/>\n<meta property=\"og:type\" content=\"article\" \/>\n<meta property=\"og:title\" content=\"Ch\u00e2teaux Exp\u00e9riences - The ideal stay to suit your needs\" \/>\n<meta property=\"og:description\" content=\"The ideal stay is bound to be at Ch\u00e2teaux Exp\u00e9riences. Just contact us to help you find what you&#039;re looking for!\" \/>\n<meta property=\"og:url\" content=\"https:\/\/chateauxexperiences.com\/trouver-mon-sejour\/\" \/>\n<meta property=\"og:site_name\" content=\"Ch\u00e2teaux Exp\u00e9riences\" \/>\n<meta property=\"article:publisher\" content=\"https:\/\/www.facebook.com\/ChateauxExperiences\" \/>\n<meta property=\"article:modified_time\" content=\"2024-07-10T13:01:41+00:00\" \/>\n<meta name=\"twitter:card\" content=\"summary_large_image\" \/>\n<meta name=\"twitter:label1\" content=\"Est. reading time\" \/>\n\t<meta name=\"twitter:data1\" content=\"1 minute\" \/>\n<script type=\"application\/ld+json\" class=\"yoast-schema-graph\">{\"@context\":\"https:\/\/schema.org\",\"@graph\":[{\"@type\":\"WebPage\",\"@id\":\"https:\/\/chateauxexperiences.com\/trouver-mon-sejour\/\",\"url\":\"https:\/\/chateauxexperiences.com\/trouver-mon-sejour\/\",\"name\":\"Ch\u00e2teaux Exp\u00e9riences - The ideal stay to suit your needs\",\"isPartOf\":{\"@id\":\"https:\/\/chateauxexperiences.com\/#website\"},\"datePublished\":\"2023-11-15T13:44:04+00:00\",\"dateModified\":\"2024-07-10T13:01:41+00:00\",\"description\":\"The ideal stay is bound to be at Ch\u00e2teaux Exp\u00e9riences. Just contact us to help you find what you're looking for!\",\"inLanguage\":\"en-US\",\"potentialAction\":[{\"@type\":\"ReadAction\",\"target\":[\"https:\/\/chateauxexperiences.com\/trouver-mon-sejour\/\"]}]},{\"@type\":\"WebSite\",\"@id\":\"https:\/\/chateauxexperiences.com\/#website\",\"url\":\"https:\/\/chateauxexperiences.com\/\",\"name\":\"Ch\u00e2teaux Exp\u00e9riences\",\"description\":\"Votre plus belle exp\u00e9rience dans un ch\u00e2teau\",\"publisher\":{\"@id\":\"https:\/\/chateauxexperiences.com\/#organization\"},\"potentialAction\":[{\"@type\":\"SearchAction\",\"target\":{\"@type\":\"EntryPoint\",\"urlTemplate\":\"https:\/\/chateauxexperiences.com\/?s={search_term_string}\"},\"query-input\":{\"@type\":\"PropertyValueSpecification\",\"valueRequired\":true,\"valueName\":\"search_term_string\"}}],\"inLanguage\":\"en-US\"},{\"@type\":\"Organization\",\"@id\":\"https:\/\/chateauxexperiences.com\/#organization\",\"name\":\"Ch\u00e2teaux Exp\u00e9riences\",\"url\":\"https:\/\/chateauxexperiences.com\/\",\"logo\":{\"@type\":\"ImageObject\",\"inLanguage\":\"en-US\",\"@id\":\"https:\/\/chateauxexperiences.com\/#\/schema\/logo\/image\/\",\"url\":\"https:\/\/chateauxexperiences.com\/wp-content\/uploads\/2022\/08\/Logo_Chateauxexp.png\",\"contentUrl\":\"https:\/\/chateauxexperiences.com\/wp-content\/uploads\/2022\/08\/Logo_Chateauxexp.png\",\"width\":747,\"height\":158,\"caption\":\"Ch\u00e2teaux Exp\u00e9riences\"},\"image\":{\"@id\":\"https:\/\/chateauxexperiences.com\/#\/schema\/logo\/image\/\"},\"sameAs\":[\"https:\/\/www.facebook.com\/ChateauxExperiences\",\"https:\/\/www.linkedin.com\/company\/chateaux-experiences\/\",\"https:\/\/www.instagram.com\/chateaux_experiences\/\"]}]}<\/script>\n<!-- \/ Yoast SEO plugin. -->","yoast_head_json":{"title":"Ch\u00e2teaux Exp\u00e9riences - The ideal stay to suit your needs","description":"The ideal stay is bound to be at Ch\u00e2teaux Exp\u00e9riences. Just contact us to help you find what you're looking for!","robots":{"index":"index","follow":"follow","max-snippet":"max-snippet:-1","max-image-preview":"max-image-preview:large","max-video-preview":"max-video-preview:-1"},"canonical":"https:\/\/chateauxexperiences.com\/trouver-mon-sejour\/","og_locale":"en_US","og_type":"article","og_title":"Ch\u00e2teaux Exp\u00e9riences - The ideal stay to suit your needs","og_description":"The ideal stay is bound to be at Ch\u00e2teaux Exp\u00e9riences. Just contact us to help you find what you're looking for!","og_url":"https:\/\/chateauxexperiences.com\/trouver-mon-sejour\/","og_site_name":"Ch\u00e2teaux Exp\u00e9riences","article_publisher":"https:\/\/www.facebook.com\/ChateauxExperiences","article_modified_time":"2024-07-10T13:01:41+00:00","twitter_card":"summary_large_image","twitter_misc":{"Est. reading time":"1 minute"},"schema":{"@context":"https:\/\/schema.org","@graph":[{"@type":"WebPage","@id":"https:\/\/chateauxexperiences.com\/trouver-mon-sejour\/","url":"https:\/\/chateauxexperiences.com\/trouver-mon-sejour\/","name":"Ch\u00e2teaux Exp\u00e9riences - The ideal stay to suit your needs","isPartOf":{"@id":"https:\/\/chateauxexperiences.com\/#website"},"datePublished":"2023-11-15T13:44:04+00:00","dateModified":"2024-07-10T13:01:41+00:00","description":"The ideal stay is bound to be at Ch\u00e2teaux Exp\u00e9riences. Just contact us to help you find what you're looking for!","inLanguage":"en-US","potentialAction":[{"@type":"ReadAction","target":["https:\/\/chateauxexperiences.com\/trouver-mon-sejour\/"]}]},{"@type":"WebSite","@id":"https:\/\/chateauxexperiences.com\/#website","url":"https:\/\/chateauxexperiences.com\/","name":"Ch\u00e2teaux Exp\u00e9riences","description":"Votre plus belle exp\u00e9rience dans un ch\u00e2teau","publisher":{"@id":"https:\/\/chateauxexperiences.com\/#organization"},"potentialAction":[{"@type":"SearchAction","target":{"@type":"EntryPoint","urlTemplate":"https:\/\/chateauxexperiences.com\/?s={search_term_string}"},"query-input":{"@type":"PropertyValueSpecification","valueRequired":true,"valueName":"search_term_string"}}],"inLanguage":"en-US"},{"@type":"Organization","@id":"https:\/\/chateauxexperiences.com\/#organization","name":"Ch\u00e2teaux Exp\u00e9riences","url":"https:\/\/chateauxexperiences.com\/","logo":{"@type":"ImageObject","inLanguage":"en-US","@id":"https:\/\/chateauxexperiences.com\/#\/schema\/logo\/image\/","url":"https:\/\/chateauxexperiences.com\/wp-content\/uploads\/2022\/08\/Logo_Chateauxexp.png","contentUrl":"https:\/\/chateauxexperiences.com\/wp-content\/uploads\/2022\/08\/Logo_Chateauxexp.png","width":747,"height":158,"caption":"Ch\u00e2teaux Exp\u00e9riences"},"image":{"@id":"https:\/\/chateauxexperiences.com\/#\/schema\/logo\/image\/"},"sameAs":["https:\/\/www.facebook.com\/ChateauxExperiences","https:\/\/www.linkedin.com\/company\/chateaux-experiences\/","https:\/\/www.instagram.com\/chateaux_experiences\/"]}]}},"_links":{"self":[{"href":"https:\/\/chateauxexperiences.com\/en\/wp-json\/wp\/v2\/pages\/10787","targetHints":{"allow":["GET"]}}],"collection":[{"href":"https:\/\/chateauxexperiences.com\/en\/wp-json\/wp\/v2\/pages"}],"about":[{"href":"https:\/\/chateauxexperiences.com\/en\/wp-json\/wp\/v2\/types\/page"}],"author":[{"embeddable":true,"href":"https:\/\/chateauxexperiences.com\/en\/wp-json\/wp\/v2\/users\/1"}],"replies":[{"embeddable":true,"href":"https:\/\/chateauxexperiences.com\/en\/wp-json\/wp\/v2\/comments?post=10787"}],"version-history":[{"count":4,"href":"https:\/\/chateauxexperiences.com\/en\/wp-json\/wp\/v2\/pages\/10787\/revisions"}],"predecessor-version":[{"id":11711,"href":"https:\/\/chateauxexperiences.com\/en\/wp-json\/wp\/v2\/pages\/10787\/revisions\/11711"}],"wp:attachment":[{"href":"https:\/\/chateauxexperiences.com\/en\/wp-json\/wp\/v2\/media?parent=10787"}],"curies":[{"name":"wp","href":"https:\/\/api.w.org\/{rel}","templated":true}]}}