{"id":10431,"date":"2023-11-15T14:43:52","date_gmt":"2023-11-15T13:43:52","guid":{"rendered":"https:\/\/chateauxexperiences.com\/search-results\/"},"modified":"2024-02-13T14:27:38","modified_gmt":"2024-02-13T13:27:38","slug":"search-results","status":"publish","type":"page","link":"https:\/\/chateauxexperiences.com\/en\/find-my-stay\/search-results\/","title":{"rendered":"Search results"},"content":{"rendered":"","protected":false},"excerpt":{"rendered":"","protected":false},"author":1,"featured_media":0,"parent":10787,"menu_order":0,"comment_status":"closed","ping_status":"closed","template":"templates\/page-resultat-chateaux.php","meta":{"_acf_changed":false,"footnotes":""},"class_list":["post-10431","page","type-page","status-publish","hentry"],"acf":[],"yoast_head":"<!-- This site is optimized with the Yoast SEO plugin v26.9 - https:\/\/yoast.com\/product\/yoast-seo-wordpress\/ -->\n<title>Ch\u00e2teaux Exp\u00e9riences - Search results among our stays<\/title>\n<meta name=\"description\" content=\"Here are the search results for our stays. You&#039;ll find what you&#039;re looking for. Contact us to book or ask for help.\" \/>\n<meta name=\"robots\" content=\"index, follow, max-snippet:-1, max-image-preview:large, max-video-preview:-1\" \/>\n<link rel=\"canonical\" href=\"https:\/\/chateauxexperiences.com\/trouver-mon-sejour\/resultats\/\" \/>\n<meta property=\"og:locale\" content=\"en_US\" \/>\n<meta property=\"og:type\" content=\"article\" \/>\n<meta property=\"og:title\" content=\"Ch\u00e2teaux Exp\u00e9riences - Search results among our stays\" \/>\n<meta property=\"og:description\" content=\"Here are the search results for our stays. You&#039;ll find what you&#039;re looking for. Contact us to book or ask for help.\" \/>\n<meta property=\"og:url\" content=\"https:\/\/chateauxexperiences.com\/trouver-mon-sejour\/resultats\/\" \/>\n<meta property=\"og:site_name\" content=\"Ch\u00e2teaux Exp\u00e9riences\" \/>\n<meta property=\"article:publisher\" content=\"https:\/\/www.facebook.com\/ChateauxExperiences\" \/>\n<meta property=\"article:modified_time\" content=\"2024-02-13T13:27:38+00:00\" \/>\n<meta name=\"twitter:card\" content=\"summary_large_image\" \/>\n<script type=\"application\/ld+json\" class=\"yoast-schema-graph\">{\"@context\":\"https:\/\/schema.org\",\"@graph\":[{\"@type\":\"WebPage\",\"@id\":\"https:\/\/chateauxexperiences.com\/trouver-mon-sejour\/resultats\/\",\"url\":\"https:\/\/chateauxexperiences.com\/trouver-mon-sejour\/resultats\/\",\"name\":\"Ch\u00e2teaux Exp\u00e9riences - Search results among our stays\",\"isPartOf\":{\"@id\":\"https:\/\/chateauxexperiences.com\/#website\"},\"datePublished\":\"2023-11-15T13:43:52+00:00\",\"dateModified\":\"2024-02-13T13:27:38+00:00\",\"description\":\"Here are the search results for our stays. You'll find what you're looking for. Contact us to book or ask for help.\",\"breadcrumb\":{\"@id\":\"https:\/\/chateauxexperiences.com\/trouver-mon-sejour\/resultats\/#breadcrumb\"},\"inLanguage\":\"en-US\",\"potentialAction\":[{\"@type\":\"ReadAction\",\"target\":[\"https:\/\/chateauxexperiences.com\/trouver-mon-sejour\/resultats\/\"]}]},{\"@type\":\"BreadcrumbList\",\"@id\":\"https:\/\/chateauxexperiences.com\/trouver-mon-sejour\/resultats\/#breadcrumb\",\"itemListElement\":[{\"@type\":\"ListItem\",\"position\":1,\"name\":\"Find my stay\",\"item\":\"https:\/\/chateauxexperiences.com\/trouver-mon-sejour\/\"},{\"@type\":\"ListItem\",\"position\":2,\"name\":\"Search results\"}]},{\"@type\":\"WebSite\",\"@id\":\"https:\/\/chateauxexperiences.com\/#website\",\"url\":\"https:\/\/chateauxexperiences.com\/\",\"name\":\"Ch\u00e2teaux Exp\u00e9riences\",\"description\":\"Votre plus belle exp\u00e9rience dans un ch\u00e2teau\",\"publisher\":{\"@id\":\"https:\/\/chateauxexperiences.com\/#organization\"},\"potentialAction\":[{\"@type\":\"SearchAction\",\"target\":{\"@type\":\"EntryPoint\",\"urlTemplate\":\"https:\/\/chateauxexperiences.com\/?s={search_term_string}\"},\"query-input\":{\"@type\":\"PropertyValueSpecification\",\"valueRequired\":true,\"valueName\":\"search_term_string\"}}],\"inLanguage\":\"en-US\"},{\"@type\":\"Organization\",\"@id\":\"https:\/\/chateauxexperiences.com\/#organization\",\"name\":\"Ch\u00e2teaux Exp\u00e9riences\",\"url\":\"https:\/\/chateauxexperiences.com\/\",\"logo\":{\"@type\":\"ImageObject\",\"inLanguage\":\"en-US\",\"@id\":\"https:\/\/chateauxexperiences.com\/#\/schema\/logo\/image\/\",\"url\":\"https:\/\/chateauxexperiences.com\/wp-content\/uploads\/2022\/08\/Logo_Chateauxexp.png\",\"contentUrl\":\"https:\/\/chateauxexperiences.com\/wp-content\/uploads\/2022\/08\/Logo_Chateauxexp.png\",\"width\":747,\"height\":158,\"caption\":\"Ch\u00e2teaux Exp\u00e9riences\"},\"image\":{\"@id\":\"https:\/\/chateauxexperiences.com\/#\/schema\/logo\/image\/\"},\"sameAs\":[\"https:\/\/www.facebook.com\/ChateauxExperiences\",\"https:\/\/www.linkedin.com\/company\/chateaux-experiences\/\",\"https:\/\/www.instagram.com\/chateaux_experiences\/\"]}]}<\/script>\n<!-- \/ Yoast SEO plugin. -->","yoast_head_json":{"title":"Ch\u00e2teaux Exp\u00e9riences - Search results among our stays","description":"Here are the search results for our stays. You'll find what you're looking for. Contact us to book or ask for help.","robots":{"index":"index","follow":"follow","max-snippet":"max-snippet:-1","max-image-preview":"max-image-preview:large","max-video-preview":"max-video-preview:-1"},"canonical":"https:\/\/chateauxexperiences.com\/trouver-mon-sejour\/resultats\/","og_locale":"en_US","og_type":"article","og_title":"Ch\u00e2teaux Exp\u00e9riences - Search results among our stays","og_description":"Here are the search results for our stays. You'll find what you're looking for. Contact us to book or ask for help.","og_url":"https:\/\/chateauxexperiences.com\/trouver-mon-sejour\/resultats\/","og_site_name":"Ch\u00e2teaux Exp\u00e9riences","article_publisher":"https:\/\/www.facebook.com\/ChateauxExperiences","article_modified_time":"2024-02-13T13:27:38+00:00","twitter_card":"summary_large_image","schema":{"@context":"https:\/\/schema.org","@graph":[{"@type":"WebPage","@id":"https:\/\/chateauxexperiences.com\/trouver-mon-sejour\/resultats\/","url":"https:\/\/chateauxexperiences.com\/trouver-mon-sejour\/resultats\/","name":"Ch\u00e2teaux Exp\u00e9riences - Search results among our stays","isPartOf":{"@id":"https:\/\/chateauxexperiences.com\/#website"},"datePublished":"2023-11-15T13:43:52+00:00","dateModified":"2024-02-13T13:27:38+00:00","description":"Here are the search results for our stays. You'll find what you're looking for. Contact us to book or ask for help.","breadcrumb":{"@id":"https:\/\/chateauxexperiences.com\/trouver-mon-sejour\/resultats\/#breadcrumb"},"inLanguage":"en-US","potentialAction":[{"@type":"ReadAction","target":["https:\/\/chateauxexperiences.com\/trouver-mon-sejour\/resultats\/"]}]},{"@type":"BreadcrumbList","@id":"https:\/\/chateauxexperiences.com\/trouver-mon-sejour\/resultats\/#breadcrumb","itemListElement":[{"@type":"ListItem","position":1,"name":"Find my stay","item":"https:\/\/chateauxexperiences.com\/trouver-mon-sejour\/"},{"@type":"ListItem","position":2,"name":"Search results"}]},{"@type":"WebSite","@id":"https:\/\/chateauxexperiences.com\/#website","url":"https:\/\/chateauxexperiences.com\/","name":"Ch\u00e2teaux Exp\u00e9riences","description":"Votre plus belle exp\u00e9rience dans un ch\u00e2teau","publisher":{"@id":"https:\/\/chateauxexperiences.com\/#organization"},"potentialAction":[{"@type":"SearchAction","target":{"@type":"EntryPoint","urlTemplate":"https:\/\/chateauxexperiences.com\/?s={search_term_string}"},"query-input":{"@type":"PropertyValueSpecification","valueRequired":true,"valueName":"search_term_string"}}],"inLanguage":"en-US"},{"@type":"Organization","@id":"https:\/\/chateauxexperiences.com\/#organization","name":"Ch\u00e2teaux Exp\u00e9riences","url":"https:\/\/chateauxexperiences.com\/","logo":{"@type":"ImageObject","inLanguage":"en-US","@id":"https:\/\/chateauxexperiences.com\/#\/schema\/logo\/image\/","url":"https:\/\/chateauxexperiences.com\/wp-content\/uploads\/2022\/08\/Logo_Chateauxexp.png","contentUrl":"https:\/\/chateauxexperiences.com\/wp-content\/uploads\/2022\/08\/Logo_Chateauxexp.png","width":747,"height":158,"caption":"Ch\u00e2teaux Exp\u00e9riences"},"image":{"@id":"https:\/\/chateauxexperiences.com\/#\/schema\/logo\/image\/"},"sameAs":["https:\/\/www.facebook.com\/ChateauxExperiences","https:\/\/www.linkedin.com\/company\/chateaux-experiences\/","https:\/\/www.instagram.com\/chateaux_experiences\/"]}]}},"_links":{"self":[{"href":"https:\/\/chateauxexperiences.com\/en\/wp-json\/wp\/v2\/pages\/10431","targetHints":{"allow":["GET"]}}],"collection":[{"href":"https:\/\/chateauxexperiences.com\/en\/wp-json\/wp\/v2\/pages"}],"about":[{"href":"https:\/\/chateauxexperiences.com\/en\/wp-json\/wp\/v2\/types\/page"}],"author":[{"embeddable":true,"href":"https:\/\/chateauxexperiences.com\/en\/wp-json\/wp\/v2\/users\/1"}],"replies":[{"embeddable":true,"href":"https:\/\/chateauxexperiences.com\/en\/wp-json\/wp\/v2\/comments?post=10431"}],"version-history":[{"count":1,"href":"https:\/\/chateauxexperiences.com\/en\/wp-json\/wp\/v2\/pages\/10431\/revisions"}],"predecessor-version":[{"id":11414,"href":"https:\/\/chateauxexperiences.com\/en\/wp-json\/wp\/v2\/pages\/10431\/revisions\/11414"}],"up":[{"embeddable":true,"href":"https:\/\/chateauxexperiences.com\/en\/wp-json\/wp\/v2\/pages\/10787"}],"wp:attachment":[{"href":"https:\/\/chateauxexperiences.com\/en\/wp-json\/wp\/v2\/media?parent=10431"}],"curies":[{"name":"wp","href":"https:\/\/api.w.org\/{rel}","templated":true}]}}